{"id":6,"date":"2026-03-11T14:45:31","date_gmt":"2026-03-11T14:45:31","guid":{"rendered":"https:\/\/ecstatic-raman.82-165-76-74.plesk.page\/?page_id=6"},"modified":"2026-05-06T07:45:03","modified_gmt":"2026-05-06T07:45:03","slug":"grueter-rechtsanwaelte","status":"publish","type":"page","link":"https:\/\/ecstatic-raman.82-165-76-74.plesk.page\/","title":{"rendered":"Gr\u00fcter Rechtsanw\u00e4lte"},"content":{"rendered":"<div>\n<div class=\"main-header-bg1\"><\/div>\n<div class=\"main-header-bg2\"><\/div>\n<\/div>\n<p><video src=\"\/wp-content\/uploads\/2026\/03\/Grueter_Logoanimation_Header_v2.mp4\" poster=\"\"><\/video><\/p>\n<h3>Die Kanzlei<\/h3>\n<div>\n<p>Gr\u00fcter wurde 1897 in Duisburg gegr\u00fcndet und geh\u00f6rt heute deutschlandweit zu den f\u00fchrenden national und international t\u00e4tigen mittelst\u00e4ndischen Kanzleien f\u00fcr wirtschaftsrechtliche Beratung. Nach Erweiterung um die Standorte M\u00fcnster und Hamm zum 01.01.2024 ist das Gr\u00fcter-Team auf nunmehr rund 50 Anw\u00e4ltinnen und Anw\u00e4lte gewachsen.<\/p>\n<\/div>\n<p><p>\n        <a href=\"\/index.php\/kanzlei\/\">MEHR ERFAHREN<\/a>\n    <\/p>\n<\/p>\n<p><img decoding=\"async\" src=\"\/wp-content\/uploads\/2026\/03\/kanzlei_treppe_1200x1200_2.webp\" alt=\"\"><\/p>\n<h3>Kompetenzen<\/h3>\n<ul>\n<li>\n<p>        <img decoding=\"async\" src=\"\/wp-content\/uploads\/2026\/03\/arbeit_glaswand_8243_1200_1600px.webp\" alt=\"\"><\/p>\n<h4>Arbeit<\/h4>\n<p><a href=\"\/index.php\/kompetenzen\/arbeit\/\">Read more<\/a><\/p>\n<\/li>\n<li>\n<p>        <img decoding=\"async\" src=\"\/wp-content\/uploads\/2026\/03\/compliance_1200x1600.webp\" alt=\"\"><\/p>\n<h4>Compliance<\/h4>\n<p><a href=\"\/index.php\/kompetenzen\/compliance\/\">Read more<\/a><\/p>\n<\/li>\n<li>\n<p>        <img decoding=\"async\" src=\"\/wp-content\/uploads\/2026\/03\/corporate_m_a_drei_anwaeltinnen_1200x1600.webp\" alt=\"\"><\/p>\n<h4>Corporate \/ M&#038;A<\/h4>\n<p><a href=\"\/index.php\/kompetenzen\/corporate-ma\/\">Read more<\/a><\/p>\n<\/li>\n<li>\n<p>        <img decoding=\"async\" src=\"\/wp-content\/uploads\/2026\/03\/finance_1200x1600_0.webp\" alt=\"\"><\/p>\n<h4>Finance<\/h4>\n<p><a href=\"\/index.php\/kompetenzen\/finance\/\">Read more<\/a><\/p>\n<\/li>\n<li>\n<p>        <img decoding=\"async\" src=\"\/wp-content\/uploads\/2026\/03\/industrie_handel_1200x1600.webp\" alt=\"\"><\/p>\n<h4>Industrie &#038; Handel<\/h4>\n<p><a href=\"\/index.php\/kompetenzen\/industrie-handel\/\">Read more<\/a><\/p>\n<\/li>\n<li>\n<p>        <img decoding=\"async\" src=\"\/wp-content\/uploads\/2026\/03\/konfliktloesung_1200x1600.webp\" alt=\"\"><\/p>\n<h4>Konfliktl\u00f6sung<\/h4>\n<p><a href=\"\/index.php\/kompetenzen\/konfliktloesung\/\">Read more<\/a><\/p>\n<\/li>\n<li>\n<p>        <img decoding=\"async\" src=\"\/wp-content\/uploads\/2026\/03\/dienstleistungen_innovationen_1200x1600.webp\" alt=\"\"><\/p>\n<h4>Dienstleistung &#038; Innovation<\/h4>\n<p><a href=\"\/index.php\/kompetenzen\/dienstleistung-innovation\/\">Read more<\/a><\/p>\n<\/li>\n<li>\n<p>        <img decoding=\"async\" src=\"\/wp-content\/uploads\/2026\/03\/notariat_1200x1600_mobil.webp\" alt=\"\"><\/p>\n<h4>Notariat<\/h4>\n<p><a href=\"\/index.php\/kompetenzen\/notariat\/\">Read more<\/a><\/p>\n<\/li>\n<li>\n<p>        <img decoding=\"async\" src=\"\/wp-content\/uploads\/2026\/03\/real_estate_1200x1600_0.webp\" alt=\"\"><\/p>\n<h4>Real Estate<\/h4>\n<p><a href=\"\/index.php\/kompetenzen\/real-estate\/\">Read more<\/a><\/p>\n<\/li>\n<\/ul>\n<p><img decoding=\"async\" src=\"\/wp-content\/uploads\/2026\/03\/karriere_drei_anwaelte_unterhaltung_1600x1600.webp\" alt=\"\"><\/p>\n<h3>Karriere<\/h3>\n<div>\n<p>Freundschaftliche Kollegialit\u00e4t besitzt bei uns einen hohen Stellenwert. Uns gelingt es durch stetiges Wachstum den besonderen Gr\u00fcter-Spirit und Teamgeist in ein modernes, anspruchsvolles und entspanntes Arbeitsumfeld zu transportieren. Gegenseitiger Respekt und Akzeptanz sind f\u00fcr uns Schl\u00fcssel ausgepr\u00e4gter Synergieeffekte in der Mandatsarbeit.<\/p>\n<\/div>\n<p><p>\n        <a href=\"\/index.php\/karriere\/\">MEHR ERFAHREN<\/a>\n    <\/p>\n<\/p>\n<h3>Aktuelles<\/h3>\n<p><p>\n        <a href=\"\/index.php\/aktuelles\/\">Alle Neuigkeiten<\/a>\n    <\/p>\n<\/p>\n<p><!--more--><br \/>\n<!-- {\"type\":\"layout\",\"children\":[{\"type\":\"section\",\"props\":{\"class\":\"startseite-header\",\"image_position\":\"center-center\",\"style\":\"default\",\"title_breakpoint\":\"xl\",\"title_position\":\"top-left\",\"title_rotation\":\"left\",\"vertical_align\":\"middle\",\"width\":\"default\"},\"children\":[{\"type\":\"row\",\"children\":[{\"type\":\"column\",\"props\":{\"image_position\":\"center-center\",\"position_sticky_breakpoint\":\"m\"},\"children\":[{\"type\":\"html\",\"props\":{\"content\":\"\n\n<div class=\\\"main-header-bg1\\\"><\\\/div>\\n\n\n<div class=\\\"main-header-bg2\\\"><\\\/div>\"}},{\"type\":\"video\",\"props\":{\"blend\":false,\"height_expand\":false,\"margin\":\"default\",\"video\":\"wp-content\\\/uploads\\\/2026\\\/03\\\/Grueter_Logoanimation_Header_v2.mp4\",\"video_autoplay\":true,\"video_controls\":false,\"video_loop\":false,\"video_muted\":true,\"video_viewport_height\":false}}]}]}]},{\"type\":\"section\",\"props\":{\"image_position\":\"center-center\",\"style\":\"default\",\"title_breakpoint\":\"xl\",\"title_position\":\"top-left\",\"title_rotation\":\"left\",\"vertical_align\":\"middle\",\"width\":\"default\"},\"children\":[{\"type\":\"row\",\"children\":[{\"type\":\"column\",\"props\":{\"image_position\":\"center-center\",\"position_sticky_breakpoint\":\"m\"}}]}]},{\"type\":\"section\",\"props\":{\"class\":\"content-bg-1 intro-text\",\"image_position\":\"center-center\",\"padding\":\"large\",\"padding_remove_bottom\":false,\"padding_remove_top\":false,\"style\":\"default\",\"title_breakpoint\":\"xl\",\"title_position\":\"top-left\",\"title_rotation\":\"left\",\"vertical_align\":\"middle\",\"width\":\"xlarge\"},\"children\":[{\"type\":\"row\",\"props\":{\"layout\":\"1-2,1-2\"},\"children\":[{\"type\":\"column\",\"props\":{\"image_position\":\"center-center\",\"position_sticky_breakpoint\":\"m\",\"width_medium\":\"1-2\"},\"children\":[{\"type\":\"headline\",\"props\":{\"content\":\"Die Kanzlei\",\"title_element\":\"h3\"}},{\"type\":\"text\",\"props\":{\"column_breakpoint\":\"m\",\"content\":\"\n\n<p>Gr\\u00fcter wurde 1897 in Duisburg gegr\\u00fcndet und geh\\u00f6rt heute deutschlandweit zu den f\\u00fchrenden national und international t\\u00e4tigen mittelst\\u00e4ndischen Kanzleien f\\u00fcr wirtschaftsrechtliche Beratung. Nach Erweiterung um die Standorte M\\u00fcnster und Hamm zum 01.01.2024 ist das Gr\\u00fcter-Team auf nunmehr rund 50 Anw\\u00e4ltinnen und Anw\\u00e4lte gewachsen.<\\\/p>\",\"margin\":\"default\"}},{\"type\":\"button\",\"props\":{\"grid_column_gap\":\"small\",\"grid_row_gap\":\"small\",\"margin\":\"default\"},\"children\":[{\"type\":\"button_item\",\"props\":{\"button_style\":\"default\",\"content\":\"MEHR ERFAHREN\",\"dialog_layout\":\"modal\",\"dialog_offcanvas_flip\":true,\"icon_align\":\"left\",\"link\":\"index.php\\\/kanzlei\\\/\"}}]}]},{\"type\":\"column\",\"props\":{\"image_position\":\"center-center\",\"position_sticky_breakpoint\":\"m\",\"width_medium\":\"1-2\"},\"children\":[{\"type\":\"image\",\"props\":{\"image\":\"wp-content\\\/uploads\\\/2026\\\/03\\\/kanzlei_treppe_1200x1200_2.webp\",\"image_svg_color\":\"emphasis\",\"margin\":\"default\"}}]}]}]},{\"type\":\"section\",\"props\":{\"image_position\":\"center-center\",\"style\":\"default\",\"title_breakpoint\":\"xl\",\"title_position\":\"top-left\",\"title_rotation\":\"left\",\"vertical_align\":\"middle\",\"width\":\"default\"},\"children\":[{\"type\":\"row\",\"children\":[{\"type\":\"column\",\"props\":{\"image_position\":\"center-center\",\"position_sticky_breakpoint\":\"m\"},\"children\":[{\"type\":\"headline\",\"props\":{\"content\":\"Kompetenzen\",\"title_element\":\"h3\"}}]}]}]},{\"type\":\"section\",\"props\":{\"class\":\"kompetenzen_slider\",\"image_position\":\"center-center\",\"padding\":\"none\",\"padding_remove_horizontal\":true,\"style\":\"default\",\"title_breakpoint\":\"xl\",\"title_position\":\"top-left\",\"title_rotation\":\"left\",\"vertical_align\":\"middle\",\"width\":\"\"},\"children\":[{\"type\":\"row\",\"children\":[{\"type\":\"column\",\"props\":{\"image_position\":\"center-center\",\"position_sticky_breakpoint\":\"m\"},\"children\":[{\"type\":\"panel-slider\",\"props\":{\"content_column_breakpoint\":\"m\",\"height_expand\":false,\"icon_width\":80,\"image_align\":\"top\",\"image_grid_breakpoint\":\"m\",\"image_grid_width\":\"1-2\",\"image_svg_color\":\"emphasis\",\"link_style\":\"default\",\"link_text\":\"Read more\",\"margin\":\"default\",\"meta_align\":\"below-title\",\"meta_element\":\"div\",\"meta_style\":\"text-meta\",\"nav\":\"dotnav\",\"nav_align\":\"center\",\"nav_breakpoint\":\"s\",\"panel_link\":true,\"panel_match\":true,\"show_content\":false,\"show_hover_image\":true,\"show_hover_video\":true,\"show_image\":true,\"show_link\":true,\"show_meta\":false,\"show_title\":true,\"show_video\":false,\"slidenav\":\"top-right\",\"slidenav_breakpoint\":\"s\",\"slidenav_margin\":\"large\",\"slidenav_outside_breakpoint\":\"xl\",\"slider_autoplay_pause\":true,\"slider_gap\":\"\",\"slider_width\":\"fixed\",\"slider_width_default\":\"1-1\",\"slider_width_medium\":\"1-5\",\"title_align\":\"top\",\"title_element\":\"h4\",\"title_grid_breakpoint\":\"m\",\"title_grid_width\":\"1-2\",\"title_hover_style\":\"reset\"},\"children\":[{\"type\":\"panel-slider_item\",\"props\":{\"image\":\"wp-content\\\/uploads\\\/2026\\\/03\\\/arbeit_glaswand_8243_1200_1600px.webp\",\"link\":\"index.php\\\/kompetenzen\\\/arbeit\\\/\",\"title\":\"Arbeit\"}},{\"type\":\"panel-slider_item\",\"props\":{\"image\":\"wp-content\\\/uploads\\\/2026\\\/03\\\/compliance_1200x1600.webp\",\"link\":\"index.php\\\/kompetenzen\\\/compliance\\\/\",\"title\":\"Compliance\"}},{\"type\":\"panel-slider_item\",\"props\":{\"image\":\"wp-content\\\/uploads\\\/2026\\\/03\\\/corporate_m_a_drei_anwaeltinnen_1200x1600.webp\",\"link\":\"index.php\\\/kompetenzen\\\/corporate-ma\\\/\",\"title\":\"Corporate \\\/ M&A\"}},{\"type\":\"panel-slider_item\",\"props\":{\"image\":\"wp-content\\\/uploads\\\/2026\\\/03\\\/finance_1200x1600_0.webp\",\"link\":\"index.php\\\/kompetenzen\\\/finance\\\/\",\"title\":\"Finance\"}},{\"type\":\"panel-slider_item\",\"props\":{\"image\":\"wp-content\\\/uploads\\\/2026\\\/03\\\/industrie_handel_1200x1600.webp\",\"link\":\"index.php\\\/kompetenzen\\\/industrie-handel\\\/\",\"title\":\"Industrie & Handel\"}},{\"type\":\"panel-slider_item\",\"props\":{\"image\":\"wp-content\\\/uploads\\\/2026\\\/03\\\/konfliktloesung_1200x1600.webp\",\"link\":\"index.php\\\/kompetenzen\\\/konfliktloesung\\\/\",\"title\":\"Konfliktl\\u00f6sung\"}},{\"type\":\"panel-slider_item\",\"props\":{\"image\":\"wp-content\\\/uploads\\\/2026\\\/03\\\/dienstleistungen_innovationen_1200x1600.webp\",\"link\":\"index.php\\\/kompetenzen\\\/dienstleistung-innovation\\\/\",\"title\":\"Dienstleistung & Innovation\"}},{\"type\":\"panel-slider_item\",\"props\":{\"image\":\"wp-content\\\/uploads\\\/2026\\\/03\\\/notariat_1200x1600_mobil.webp\",\"link\":\"index.php\\\/kompetenzen\\\/notariat\\\/\",\"title\":\"Notariat\"}},{\"type\":\"panel-slider_item\",\"props\":{\"image\":\"wp-content\\\/uploads\\\/2026\\\/03\\\/real_estate_1200x1600_0.webp\",\"link\":\"index.php\\\/kompetenzen\\\/real-estate\\\/\",\"title\":\"Real Estate\"}}]}]}]}]},{\"type\":\"section\",\"props\":{\"image_position\":\"center-center\",\"style\":\"default\",\"title_breakpoint\":\"xl\",\"title_position\":\"top-left\",\"title_rotation\":\"left\",\"vertical_align\":\"middle\",\"width\":\"default\"},\"children\":[{\"type\":\"row\",\"children\":[{\"type\":\"column\",\"props\":{\"image_position\":\"center-center\",\"position_sticky_breakpoint\":\"m\"}}]}]},{\"type\":\"section\",\"props\":{\"class\":\"content-bg-2\",\"image_position\":\"center-center\",\"style\":\"default\",\"title_breakpoint\":\"xl\",\"title_position\":\"top-left\",\"title_rotation\":\"left\",\"vertical_align\":\"middle\",\"width\":\"xlarge\"},\"children\":[{\"type\":\"row\",\"props\":{\"layout\":\"1-3,2-3\"},\"children\":[{\"type\":\"column\",\"props\":{\"image_position\":\"center-center\",\"position_sticky_breakpoint\":\"m\",\"width_medium\":\"1-3\"},\"children\":[{\"type\":\"image\",\"props\":{\"image\":\"wp-content\\\/uploads\\\/2026\\\/03\\\/karriere_drei_anwaelte_unterhaltung_1600x1600.webp\",\"image_svg_color\":\"emphasis\",\"margin\":\"default\"}}]},{\"type\":\"column\",\"props\":{\"image_position\":\"center-center\",\"position_sticky_breakpoint\":\"m\",\"width_medium\":\"2-3\"},\"children\":[{\"type\":\"headline\",\"props\":{\"content\":\"Karriere\",\"title_element\":\"h3\"}},{\"type\":\"text\",\"props\":{\"column_breakpoint\":\"m\",\"content\":\"\n\n<p>Freundschaftliche Kollegialit\\u00e4t besitzt bei uns einen hohen Stellenwert. Uns gelingt es durch stetiges Wachstum den besonderen Gr\\u00fcter-Spirit und Teamgeist in ein modernes, anspruchsvolles und entspanntes Arbeitsumfeld zu transportieren. Gegenseitiger Respekt und Akzeptanz sind f\\u00fcr uns Schl\\u00fcssel ausgepr\\u00e4gter Synergieeffekte in der Mandatsarbeit.<\\\/p>\",\"margin\":\"default\"}},{\"type\":\"button\",\"props\":{\"grid_column_gap\":\"small\",\"grid_row_gap\":\"small\",\"margin\":\"default\"},\"children\":[{\"type\":\"button_item\",\"props\":{\"button_style\":\"default\",\"content\":\"MEHR ERFAHREN\",\"dialog_layout\":\"modal\",\"dialog_offcanvas_flip\":true,\"icon_align\":\"left\",\"link\":\"index.php\\\/karriere\\\/\"}}]}]}]}]},{\"type\":\"section\",\"props\":{\"class\":\"content-bg-1 aktuelles\",\"image_position\":\"center-center\",\"style\":\"default\",\"title_breakpoint\":\"xl\",\"title_position\":\"top-left\",\"title_rotation\":\"left\",\"vertical_align\":\"middle\",\"width\":\"default\"},\"children\":[{\"type\":\"row\",\"children\":[{\"type\":\"column\",\"props\":{\"image_position\":\"center-center\",\"position_sticky_breakpoint\":\"m\"},\"children\":[{\"type\":\"headline\",\"props\":{\"content\":\"Aktuelles\",\"title_element\":\"h3\"}}]}]},{\"type\":\"row\",\"props\":{\"class\":\"aktuelles_grid\",\"margin_remove_bottom\":true},\"children\":[{\"type\":\"column\",\"props\":{\"image_position\":\"center-center\",\"position_sticky_breakpoint\":\"m\"},\"children\":[{\"type\":\"panel\",\"props\":{\"content_column_breakpoint\":\"m\",\"icon_width\":80,\"image_align\":\"top\",\"image_grid_breakpoint\":\"m\",\"image_grid_width\":\"1-2\",\"image_svg_color\":\"emphasis\",\"link_style\":\"default\",\"link_text\":\"Weiterlesen\",\"margin\":\"default\",\"meta_align\":\"below-title\",\"meta_element\":\"div\",\"meta_style\":\"text-meta\",\"panel_link\":true,\"panel_link_hover\":false,\"panel_style\":\"card-default\",\"title_align\":\"top\",\"title_element\":\"h3\",\"title_grid_breakpoint\":\"m\",\"title_grid_width\":\"1-2\",\"title_hover_style\":\"reset\",\"title_style\":\"h3\"},\"source\":{\"query\":{\"name\":\"posts.customPosts\",\"arguments\":{\"terms\":[2,3,1,4],\"category_operator\":\"IN\",\"post_tag_operator\":\"IN\",\"users\":[3,1,4,5,6,2],\"users_operator\":\"IN\",\"offset\":0,\"limit\":6,\"order\":\"date\",\"order_direction\":\"DESC\"}},\"props\":{\"title\":{\"name\":\"title\"},\"meta\":{\"filters\":{\"date\":\"d. F Y\"},\"name\":\"date\"},\"content\":{\"name\":\"excerpt\"},\"link\":{\"name\":\"link\"}}}}]}]},{\"type\":\"row\",\"props\":{\"margin_remove_top\":true},\"children\":[{\"type\":\"column\",\"props\":{\"image_position\":\"center-center\",\"position_sticky_breakpoint\":\"m\"},\"children\":[{\"type\":\"button\",\"props\":{\"grid_column_gap\":\"small\",\"grid_row_gap\":\"small\",\"margin\":\"default\",\"text_align\":\"center\"},\"children\":[{\"type\":\"button_item\",\"props\":{\"button_style\":\"default\",\"content\":\"Alle Neuigkeiten\",\"dialog_layout\":\"modal\",\"dialog_offcanvas_flip\":true,\"icon_align\":\"left\",\"link\":\"index.php\\\/aktuelles\\\/\"}}]}]}]}]}],\"version\":\"4.5.19\"} --><\/p>\n","protected":false},"excerpt":{"rendered":"<p>Die Kanzlei Gr\u00fcter wurde 1897 in Duisburg gegr\u00fcndet und geh\u00f6rt heute deutschlandweit zu den f\u00fchrenden national und international t\u00e4tigen mittelst\u00e4ndischen Kanzleien f\u00fcr wirtschaftsrechtliche Beratung. Nach Erweiterung um die Standorte M\u00fcnster und Hamm zum 01.01.2024 ist das Gr\u00fcter-Team auf nunmehr rund 50 Anw\u00e4ltinnen und Anw\u00e4lte gewachsen. MEHR ERFAHREN Kompetenzen Arbeit Read more Compliance Read more Corporate [&hellip;]<\/p>\n","protected":false},"author":1,"featured_media":0,"parent":0,"menu_order":0,"comment_status":"closed","ping_status":"closed","template":"","meta":{"footnotes":""},"class_list":["post-6","page","type-page","status-publish","hentry"],"_links":{"self":[{"href":"https:\/\/ecstatic-raman.82-165-76-74.plesk.page\/index.php\/wp-json\/wp\/v2\/pages\/6","targetHints":{"allow":["GET"]}}],"collection":[{"href":"https:\/\/ecstatic-raman.82-165-76-74.plesk.page\/index.php\/wp-json\/wp\/v2\/pages"}],"about":[{"href":"https:\/\/ecstatic-raman.82-165-76-74.plesk.page\/index.php\/wp-json\/wp\/v2\/types\/page"}],"author":[{"embeddable":true,"href":"https:\/\/ecstatic-raman.82-165-76-74.plesk.page\/index.php\/wp-json\/wp\/v2\/users\/1"}],"replies":[{"embeddable":true,"href":"https:\/\/ecstatic-raman.82-165-76-74.plesk.page\/index.php\/wp-json\/wp\/v2\/comments?post=6"}],"version-history":[{"count":60,"href":"https:\/\/ecstatic-raman.82-165-76-74.plesk.page\/index.php\/wp-json\/wp\/v2\/pages\/6\/revisions"}],"predecessor-version":[{"id":2287,"href":"https:\/\/ecstatic-raman.82-165-76-74.plesk.page\/index.php\/wp-json\/wp\/v2\/pages\/6\/revisions\/2287"}],"wp:attachment":[{"href":"https:\/\/ecstatic-raman.82-165-76-74.plesk.page\/index.php\/wp-json\/wp\/v2\/media?parent=6"}],"curies":[{"name":"wp","href":"https:\/\/api.w.org\/{rel}","templated":true}]}}