{"id":48,"date":"2026-03-17T13:14:50","date_gmt":"2026-03-17T13:14:50","guid":{"rendered":"https:\/\/ecstatic-raman.82-165-76-74.plesk.page\/?page_id=48"},"modified":"2026-04-29T10:53:41","modified_gmt":"2026-04-29T10:53:41","slug":"rechtsgebiete","status":"publish","type":"page","link":"https:\/\/ecstatic-raman.82-165-76-74.plesk.page\/index.php\/rechtsgebiete\/","title":{"rendered":"Rechtsgebiete"},"content":{"rendered":"<div>\n<h1 class=\"h2\" style=\"text-align: center;\">Rechtsgebiete<\/h1>\n<h2 class=\"h1\" style=\"text-align: center;\">Breites Portfolio. Tiefe Kompetenz.<\/h2>\n<\/div>\n<ul>\n<li>\n<p><a href=\"\/index.php\/kompetenzen\/arbeit\/\">Arbeit<\/a><\/p>\n<\/li>\n<li>\n<p><a href=\"\/index.php\/rechtsgebiete\/bankrecht\/\">Bankrecht<\/a><\/p>\n<\/li>\n<li>\n<p><a href=\"\/index.php\/rechtsgebiete\/bau-und-architektenrecht\/\">Bau- und Architektenrecht<\/a><\/p>\n<\/li>\n<li>\n<p><a href=\"\/index.php\/rechtsgebiete\/bilanzrecht\/\">Bilanzrecht<\/a><\/p>\n<\/li>\n<li>\n<p><a href=\"\/index.php\/rechtsgebiete\/commercial\/\">Commercial<\/a><\/p>\n<\/li>\n<li>\n<p><a href=\"\/index.php\/rechtsgebiete\/compliance\/\">Compliance<\/a><\/p>\n<\/li>\n<li>\n<p><a href=\"\/index.php\/rechtsgebiete\/datenschutzrecht\/\">Datenschutzrecht<\/a><\/p>\n<\/li>\n<li>\n<p><a href=\"\/index.php\/rechtsgebiete\/dienstvertragsrecht-organhaftung\/\">Dienstvertragsrecht &#038; Organhaftung<\/a><\/p>\n<\/li>\n<li>\n<p><a href=\"\/index.php\/rechtsgebiete\/gesellschaftsrecht\/\">Gesellschaftsrecht<\/a><\/p>\n<\/li>\n<li>\n<p><a href=\"\/index.php\/rechtsgebiete\/gewerblicher-rechtsschutz-it-recht\/\">Gewerblicher Rechtsschutz, IT-Recht<\/a><\/p>\n<\/li>\n<li>\n<p><a href=\"\/index.php\/rechtsgebiete\/gewerbliches-mietrecht\/\">Gewerbliches Mietrecht<\/a><\/p>\n<\/li>\n<li>\n<p><a href=\"\/index.php\/rechtsgebiete\/immobilientransaktionen\/\">Immobilientransaktionen<\/a><\/p>\n<\/li>\n<li>\n<p><a href=\"\/index.php\/rechtsgebiete\/insolvenzrecht\/\">Insolvenzrecht<\/a><\/p>\n<\/li>\n<li>\n<p><a href=\"\/index.php\/rechtsgebiete\/kartellrecht\/\">Kartellrecht<\/a><\/p>\n<\/li>\n<li>\n<p><a href=\"\/index.php\/rechtsgebiete\/konfliktloesung\/\">Konfliktl\u00f6sung<\/a><\/p>\n<\/li>\n<li>\n<p><a href=\"\/index.php\/rechtsgebiete\/maklerrecht\/\">Maklerrecht<\/a><\/p>\n<\/li>\n<li>\n<p><a href=\"\/index.php\/rechtsgebiete\/mergers-acquisitions\/\">Mergers &#038; Acquisitions<\/a><\/p>\n<\/li>\n<li>\n<p><a href=\"\/index.php\/rechtsgebiete\/nationale-und-internationale-anlagenbauvertraege\/\">Nationale und internationale Anlagenbauvertr\u00e4ge<\/a><\/p>\n<\/li>\n<li>\n<p><a href=\"\/index.php\/rechtsgebiete\/restrukturierungs-und-insolvenzverfahren-insolvenzanfechtung\/\">Restrukturierungs- und Insolvenzverfahren; Insolvenzanfechtung <\/a><\/p>\n<\/li>\n<li>\n<p><a href=\"\/index.php\/rechtsgebiete\/sportrecht\/\">Sportrecht<\/a><\/p>\n<\/li>\n<li>\n<p><a href=\"\/index.php\/rechtsgebiete\/steuerrechtliche-bezuege\/\">Steuerrechtliche Bez\u00fcge<\/a><\/p>\n<\/li>\n<li>\n<p><a href=\"\/index.php\/rechtsgebiete\/vergaberecht\/\">Vergaberecht<\/a><\/p>\n<\/li>\n<li>\n<p><a href=\"\/index.php\/rechtsgebiete\/vermittlerrecht\/\">Vermittlerrecht<\/a><\/p>\n<\/li>\n<li>\n<p><a href=\"\/index.php\/rechtsgebiete\/versicherungsrecht\/\">Versicherungsrecht<\/a><\/p>\n<\/li>\n<\/ul>\n<p><!--more--><br \/>\n<!-- {\"type\":\"layout\",\"children\":[{\"type\":\"section\",\"props\":{\"class\":\"section-head-blur-white nogrey bild-verlaeufe\",\"height\":\"pixels\",\"height_viewport\":600,\"image_position\":\"center-center\",\"style\":\"default\",\"title_breakpoint\":\"xl\",\"title_position\":\"top-left\",\"title_rotation\":\"left\",\"vertical_align\":\"middle\",\"width\":\"default\"},\"children\":[{\"type\":\"row\",\"children\":[{\"type\":\"column\",\"props\":{\"image_position\":\"center-center\",\"position_sticky_breakpoint\":\"m\"},\"children\":[{\"type\":\"text\",\"props\":{\"column_breakpoint\":\"m\",\"content\":\"\n\n<h1 class=\\\"h2\\\" style=\\\"text-align: center;\\\">Rechtsgebiete<\\\/h1>\\n\n\n<h2 class=\\\"h1\\\" style=\\\"text-align: center;\\\">Breites Portfolio. Tiefe Kompetenz.<\\\/h2>\",\"margin\":\"default\"}}]}]}]},{\"type\":\"section\",\"props\":{\"class\":\"content-bg-3 inhalt-verlaeufe\",\"image_position\":\"center-center\",\"style\":\"default\",\"title_breakpoint\":\"xl\",\"title_position\":\"top-left\",\"title_rotation\":\"left\",\"vertical_align\":\"middle\",\"width\":\"default\"},\"children\":[{\"type\":\"row\",\"children\":[{\"type\":\"column\",\"props\":{\"image_position\":\"center-center\",\"position_sticky_breakpoint\":\"m\"},\"children\":[{\"type\":\"nav\",\"props\":{\"class\":\"nav_accordion\",\"grid\":\"1\",\"image_vertical_align\":true,\"nav_divider\":true,\"nav_style\":\"primary\",\"show_image\":true,\"show_meta\":true},\"children\":[{\"type\":\"nav_item\",\"props\":{\"content\":\"Arbeit\",\"link\":\"index.php\\\/kompetenzen\\\/arbeit\\\/\"}},{\"type\":\"nav_item\",\"props\":{\"content\":\"Bankrecht\",\"link\":\"index.php\\\/rechtsgebiete\\\/bankrecht\\\/\"}},{\"type\":\"nav_item\",\"props\":{\"content\":\"Bau- und Architektenrecht\",\"link\":\"index.php\\\/rechtsgebiete\\\/bau-und-architektenrecht\\\/\"}},{\"type\":\"nav_item\",\"props\":{\"content\":\"Bilanzrecht\",\"link\":\"index.php\\\/rechtsgebiete\\\/bilanzrecht\\\/\"}},{\"type\":\"nav_item\",\"props\":{\"content\":\"Commercial\",\"link\":\"index.php\\\/rechtsgebiete\\\/commercial\\\/\"}},{\"type\":\"nav_item\",\"props\":{\"content\":\"Compliance\",\"link\":\"index.php\\\/rechtsgebiete\\\/compliance\\\/\"}},{\"type\":\"nav_item\",\"props\":{\"content\":\"Datenschutzrecht\",\"link\":\"index.php\\\/rechtsgebiete\\\/datenschutzrecht\\\/\"}},{\"type\":\"nav_item\",\"props\":{\"content\":\"Dienstvertragsrecht & Organhaftung\",\"link\":\"index.php\\\/rechtsgebiete\\\/dienstvertragsrecht-organhaftung\\\/\"}},{\"type\":\"nav_item\",\"props\":{\"content\":\"Gesellschaftsrecht\",\"link\":\"index.php\\\/rechtsgebiete\\\/gesellschaftsrecht\\\/\"}},{\"type\":\"nav_item\",\"props\":{\"content\":\"Gewerblicher Rechtsschutz, IT-Recht\",\"link\":\"index.php\\\/rechtsgebiete\\\/gewerblicher-rechtsschutz-it-recht\\\/\"}},{\"type\":\"nav_item\",\"props\":{\"content\":\"Gewerbliches Mietrecht\",\"link\":\"index.php\\\/rechtsgebiete\\\/gewerbliches-mietrecht\\\/\"}},{\"type\":\"nav_item\",\"props\":{\"content\":\"Immobilientransaktionen\",\"link\":\"index.php\\\/rechtsgebiete\\\/immobilientransaktionen\\\/\"}},{\"type\":\"nav_item\",\"props\":{\"content\":\"Insolvenzrecht\",\"link\":\"index.php\\\/rechtsgebiete\\\/insolvenzrecht\\\/\"}},{\"type\":\"nav_item\",\"props\":{\"content\":\"Kartellrecht\",\"link\":\"index.php\\\/rechtsgebiete\\\/kartellrecht\\\/\"}},{\"type\":\"nav_item\",\"props\":{\"content\":\"Konfliktl\\u00f6sung\",\"link\":\"index.php\\\/rechtsgebiete\\\/konfliktloesung\\\/\"}},{\"type\":\"nav_item\",\"props\":{\"content\":\"Maklerrecht\",\"link\":\"index.php\\\/rechtsgebiete\\\/maklerrecht\\\/\"}},{\"type\":\"nav_item\",\"props\":{\"content\":\"Mergers & Acquisitions\",\"link\":\"index.php\\\/rechtsgebiete\\\/mergers-acquisitions\\\/\"}},{\"type\":\"nav_item\",\"props\":{\"content\":\"Nationale und internationale Anlagenbauvertr\\u00e4ge\",\"link\":\"index.php\\\/rechtsgebiete\\\/nationale-und-internationale-anlagenbauvertraege\\\/\"}},{\"type\":\"nav_item\",\"props\":{\"content\":\"Restrukturierungs- und Insolvenzverfahren; Insolvenzanfechtung \",\"link\":\"index.php\\\/rechtsgebiete\\\/restrukturierungs-und-insolvenzverfahren-insolvenzanfechtung\\\/\"}},{\"type\":\"nav_item\",\"props\":{\"content\":\"Sportrecht\",\"link\":\"index.php\\\/rechtsgebiete\\\/sportrecht\\\/\"}},{\"type\":\"nav_item\",\"props\":{\"content\":\"Steuerrechtliche Bez\\u00fcge\",\"link\":\"index.php\\\/rechtsgebiete\\\/steuerrechtliche-bezuege\\\/\"}},{\"type\":\"nav_item\",\"props\":{\"content\":\"Vergaberecht\",\"link\":\"index.php\\\/rechtsgebiete\\\/vergaberecht\\\/\"}},{\"type\":\"nav_item\",\"props\":{\"content\":\"Vermittlerrecht\",\"link\":\"index.php\\\/rechtsgebiete\\\/vermittlerrecht\\\/\"}},{\"type\":\"nav_item\",\"props\":{\"content\":\"Versicherungsrecht\",\"link\":\"index.php\\\/rechtsgebiete\\\/versicherungsrecht\\\/\"}}]}]}]}]},{\"type\":\"section\",\"props\":{\"image_position\":\"center-center\",\"style\":\"default\",\"title_breakpoint\":\"xl\",\"title_position\":\"top-left\",\"title_rotation\":\"left\",\"vertical_align\":\"middle\",\"width\":\"default\"},\"children\":[{\"type\":\"row\",\"children\":[{\"type\":\"column\",\"props\":{\"image_position\":\"center-center\",\"position_sticky_breakpoint\":\"m\"}}]}]}],\"version\":\"4.5.19\"} --><\/p>\n","protected":false},"excerpt":{"rendered":"<p>Rechtsgebiete Breites Portfolio. Tiefe Kompetenz. Arbeit Bankrecht Bau- und Architektenrecht Bilanzrecht Commercial Compliance Datenschutzrecht Dienstvertragsrecht &#038; Organhaftung Gesellschaftsrecht Gewerblicher Rechtsschutz, IT-Recht Gewerbliches Mietrecht Immobilientransaktionen Insolvenzrecht Kartellrecht Konfliktl\u00f6sung Maklerrecht Mergers &#038; Acquisitions Nationale und internationale Anlagenbauvertr\u00e4ge Restrukturierungs- und Insolvenzverfahren; Insolvenzanfechtung Sportrecht Steuerrechtliche Bez\u00fcge Vergaberecht Vermittlerrecht Versicherungsrecht<\/p>\n","protected":false},"author":2,"featured_media":0,"parent":0,"menu_order":3,"comment_status":"closed","ping_status":"closed","template":"","meta":{"footnotes":""},"class_list":["post-48","page","type-page","status-publish","hentry"],"_links":{"self":[{"href":"https:\/\/ecstatic-raman.82-165-76-74.plesk.page\/index.php\/wp-json\/wp\/v2\/pages\/48","targetHints":{"allow":["GET"]}}],"collection":[{"href":"https:\/\/ecstatic-raman.82-165-76-74.plesk.page\/index.php\/wp-json\/wp\/v2\/pages"}],"about":[{"href":"https:\/\/ecstatic-raman.82-165-76-74.plesk.page\/index.php\/wp-json\/wp\/v2\/types\/page"}],"author":[{"embeddable":true,"href":"https:\/\/ecstatic-raman.82-165-76-74.plesk.page\/index.php\/wp-json\/wp\/v2\/users\/2"}],"replies":[{"embeddable":true,"href":"https:\/\/ecstatic-raman.82-165-76-74.plesk.page\/index.php\/wp-json\/wp\/v2\/comments?post=48"}],"version-history":[{"count":17,"href":"https:\/\/ecstatic-raman.82-165-76-74.plesk.page\/index.php\/wp-json\/wp\/v2\/pages\/48\/revisions"}],"predecessor-version":[{"id":1931,"href":"https:\/\/ecstatic-raman.82-165-76-74.plesk.page\/index.php\/wp-json\/wp\/v2\/pages\/48\/revisions\/1931"}],"wp:attachment":[{"href":"https:\/\/ecstatic-raman.82-165-76-74.plesk.page\/index.php\/wp-json\/wp\/v2\/media?parent=48"}],"curies":[{"name":"wp","href":"https:\/\/api.w.org\/{rel}","templated":true}]}}