{"id":2321,"date":"2026-05-06T09:50:05","date_gmt":"2026-05-06T09:50:05","guid":{"rendered":"https:\/\/ecstatic-raman.82-165-76-74.plesk.page\/?page_id=2321"},"modified":"2026-05-06T09:58:19","modified_gmt":"2026-05-06T09:58:19","slug":"dispute-resolution","status":"publish","type":"page","link":"https:\/\/ecstatic-raman.82-165-76-74.plesk.page\/index.php\/dispute-resolution\/","title":{"rendered":"Dispute Resolution"},"content":{"rendered":"<div>\n<h1 class=\"h2\" style=\"text-align: center;\">Industrie &#038; Handel<\/h1>\n<h2 class=\"h1\" style=\"text-align: center;\">Dispute Resolution<\/h2>\n<\/div>\n<div>\n<p class=\"text-indent\">Im Bereich Dispute Resolution vertreten wir unsere nationale und internationale Mandantschaft in Verfahren aus den Bereichen Anlagenbau, Handel und Haftung, Gesellschaftsrecht sowie Post-M&#038;A. Ist eine au\u00dfergerichtliche Konfliktbeilegung nicht m\u00f6glich, streiten wir f\u00fcr die Rechte und Interessen unserer Mandantschaft vor den staatlichen Gerichten in Deutschland ebenso wie vor Schiedsgerichten nach den Verfahrensordnungen z.B. der International Chamber of Commerce in Paris (ICC), der UNCITRAL oder der Deutschen Institution f\u00fcr Schiedsgerichtsbarkeit e.V. (DIS) in Bonn. Dar\u00fcber hinaus \u00fcben Mitglieder unseres Teams h\u00e4ufig Schiedsrichtert\u00e4tigkeiten aus. Bei Verfahren mit Auslandsber\u00fchrung k\u00f6nnen wir jederzeit auf ein etabliertes Netzwerk aus Anwaltskanzleien in den L\u00e4ndern des Europ\u00e4ischen Wirtschaftsraums, in den USA, in Kanada und in S\u00fcdostasien zur\u00fcckgreifen.\n<\/p>\n<\/div>\n<p><!--more--><br \/>\n<!-- {\"type\":\"layout\",\"children\":[{\"type\":\"section\",\"props\":{\"class\":\"section-head-blur-white rechtsgebiete_header rh_ohne_bild\",\"height\":\"pixels\",\"height_viewport\":600,\"image_position\":\"center-center\",\"style\":\"default\",\"title_breakpoint\":\"xl\",\"title_position\":\"top-left\",\"title_rotation\":\"left\",\"vertical_align\":\"middle\",\"width\":\"default\"},\"children\":[{\"type\":\"row\",\"children\":[{\"type\":\"column\",\"props\":{\"image_position\":\"center-center\",\"position_sticky_breakpoint\":\"m\"},\"children\":[{\"type\":\"text\",\"props\":{\"column_breakpoint\":\"m\",\"content\":\"\n\n<h1 class=\\\"h2\\\" style=\\\"text-align: center;\\\">Industrie & Handel<\\\/h1>\\n\n\n<h2 class=\\\"h1\\\" style=\\\"text-align: center;\\\">Dispute Resolution<\\\/h2>\\n\",\"margin\":\"default\",\"position\":\"relative\",\"position_top\":\"80\"}}]}]}],\"name\":\"Section: Headerbereich ohne Bild\"},{\"type\":\"section\",\"props\":{\"image_position\":\"center-center\",\"style\":\"default\",\"title_breakpoint\":\"xl\",\"title_position\":\"top-left\",\"title_rotation\":\"left\",\"vertical_align\":\"middle\",\"width\":\"default\"},\"children\":[{\"type\":\"row\",\"children\":[{\"type\":\"column\",\"props\":{\"image_position\":\"center-center\",\"position_sticky_breakpoint\":\"m\"},\"children\":[{\"type\":\"text\",\"props\":{\"column_breakpoint\":\"m\",\"content\":\"\n\n<p class=\\\"text-indent\\\">Im Bereich Dispute Resolution vertreten wir unsere nationale und internationale Mandantschaft in Verfahren aus den Bereichen Anlagenbau, Handel und Haftung, Gesellschaftsrecht sowie Post-M&A. Ist eine au\\u00dfergerichtliche Konfliktbeilegung nicht m\\u00f6glich, streiten wir f\\u00fcr die Rechte und Interessen unserer Mandantschaft vor den staatlichen Gerichten in Deutschland ebenso wie vor Schiedsgerichten nach den Verfahrensordnungen z.B. der International Chamber of Commerce in Paris (ICC), der UNCITRAL oder der Deutschen Institution f\\u00fcr Schiedsgerichtsbarkeit e.V. (DIS) in Bonn. Dar\\u00fcber hinaus \\u00fcben Mitglieder unseres Teams h\\u00e4ufig Schiedsrichtert\\u00e4tigkeiten aus. Bei Verfahren mit Auslandsber\\u00fchrung k\\u00f6nnen wir jederzeit auf ein etabliertes Netzwerk aus Anwaltskanzleien in den L\\u00e4ndern des Europ\\u00e4ischen Wirtschaftsraums, in den USA, in Kanada und in S\\u00fcdostasien zur\\u00fcckgreifen.\\n<\\\/p>\",\"margin\":\"default\"}}]}]}]}],\"version\":\"4.5.19\"} --><\/p>\n","protected":false},"excerpt":{"rendered":"<p>Industrie &#038; Handel Dispute Resolution Im Bereich Dispute Resolution vertreten wir unsere nationale und internationale Mandantschaft in Verfahren aus den Bereichen Anlagenbau, Handel und Haftung, Gesellschaftsrecht sowie Post-M&#038;A. Ist eine au\u00dfergerichtliche Konfliktbeilegung nicht m\u00f6glich, streiten wir f\u00fcr die Rechte und Interessen unserer Mandantschaft vor den staatlichen Gerichten in Deutschland ebenso wie vor Schiedsgerichten nach den [&hellip;]<\/p>\n","protected":false},"author":3,"featured_media":0,"parent":0,"menu_order":0,"comment_status":"closed","ping_status":"closed","template":"","meta":{"footnotes":""},"class_list":["post-2321","page","type-page","status-publish","hentry"],"_links":{"self":[{"href":"https:\/\/ecstatic-raman.82-165-76-74.plesk.page\/index.php\/wp-json\/wp\/v2\/pages\/2321","targetHints":{"allow":["GET"]}}],"collection":[{"href":"https:\/\/ecstatic-raman.82-165-76-74.plesk.page\/index.php\/wp-json\/wp\/v2\/pages"}],"about":[{"href":"https:\/\/ecstatic-raman.82-165-76-74.plesk.page\/index.php\/wp-json\/wp\/v2\/types\/page"}],"author":[{"embeddable":true,"href":"https:\/\/ecstatic-raman.82-165-76-74.plesk.page\/index.php\/wp-json\/wp\/v2\/users\/3"}],"replies":[{"embeddable":true,"href":"https:\/\/ecstatic-raman.82-165-76-74.plesk.page\/index.php\/wp-json\/wp\/v2\/comments?post=2321"}],"version-history":[{"count":6,"href":"https:\/\/ecstatic-raman.82-165-76-74.plesk.page\/index.php\/wp-json\/wp\/v2\/pages\/2321\/revisions"}],"predecessor-version":[{"id":2328,"href":"https:\/\/ecstatic-raman.82-165-76-74.plesk.page\/index.php\/wp-json\/wp\/v2\/pages\/2321\/revisions\/2328"}],"wp:attachment":[{"href":"https:\/\/ecstatic-raman.82-165-76-74.plesk.page\/index.php\/wp-json\/wp\/v2\/media?parent=2321"}],"curies":[{"name":"wp","href":"https:\/\/api.w.org\/{rel}","templated":true}]}}