{"id":1770,"date":"2026-04-16T14:38:35","date_gmt":"2026-04-16T14:38:35","guid":{"rendered":"https:\/\/ecstatic-raman.82-165-76-74.plesk.page\/?page_id=1770"},"modified":"2026-04-30T10:42:31","modified_gmt":"2026-04-30T10:42:31","slug":"impressum","status":"publish","type":"page","link":"https:\/\/ecstatic-raman.82-165-76-74.plesk.page\/index.php\/impressum\/","title":{"rendered":"Impressum"},"content":{"rendered":"<div>\n<h1 class=\"h2\" style=\"text-align: center;\">Impressum<\/h1>\n<\/div>\n<div>\n<p>Gr\u00fcter ist eine Kooperation der selbst\u00e4ndigen Partnerschaftsgesellschaften<span>\u00a0<\/span><a>Gr\u00fcter Rechtsanw\u00e4lte PartGmbB<\/a><span>\u00a0<\/span>(Duisburg) und Gr\u00fcter Hamm M\u00fcnster PartGmbB (Hamm und M\u00fcnster).<\/p>\n<p>Die jeweiligen Partnerschaftsgesellschaften sind f\u00fcr die Angaben \u00fcber ihre jeweiligen Standorte und die einzelnen Berufstr\u00e4ger und Berufstr\u00e4gerinnen ausschlie\u00dflich selbst verantwortlich.<\/p>\n<p>F\u00fcr weitere Angaben, die unabh\u00e4ngig von den einzelnen Partnerschaftsgesellschaften den Internetauftritt<span>\u00a0<\/span><a href=\"http:\/\/www.grueter.de\/\">www.grueter.de<\/a><span>\u00a0<\/span>insgesamt betreffen, sind die nachfolgend genannten Partnerschaftsgesellschaften mit beschr\u00e4nkter Berufshaftung gemeinschaftlich verantwortlich.\u00a0<\/p>\n<p><strong>Gr\u00fcter<\/strong><span>\u00a0<\/span><strong>Rechtsanw\u00e4lte PartGmbB<\/strong><\/p>\n<p>Stresemannstra\u00dfe 20\u201322<br \/>47051 Duisburg<br \/><span>T +49 (0) 203 . 3 05 09-0<\/span><br \/><span>F +49 (0) 203 . 3 05 09-200<\/span><br \/>E-Mail:<span>\u00a0<\/span><a href=\"mailto:direkt@grueter.de\">direkt@grueter.de<\/a><br \/>Internet:<span>\u00a0<\/span><a href=\"http:\/\/www.grueter.de\/\">www.grueter.de<\/a><br \/>Ust.-IdNr.: DE119575213<\/p>\n<p><strong>Registergericht:<\/strong><\/p>\n<p>Amtsgericht Essen\u00a0<br \/>Registernummer 3941<\/p>\n<p>Gr\u00fcter Rechtsanw\u00e4lte PartGmbB ist eine Partnerschaftsgesellschaft mit beschr\u00e4nkter Berufshaftung mit Sitz in Duisburg und im Partnerschaftsregister des Amtsgerichts Essen unter der Nr. 3941 eingetragen. Die Partnerschaftsgesellschaft wird durch zwei Partner gemeinsam vertreten. Partner sind die Rechtsanw\u00e4ltinnen und Rechtsanw\u00e4lte Dr.\u00a0Ina-Maria B\u00f6ning, Andreas Felsch, Dr.\u00a0Sandra Fischer, Dr. Andreas Gr\u00fcter, Dr.\u00a0Erich Gr\u00fcter, Dr. Stephan Kessen, Dr.\u00a0Eva Klatt, Dr. Thorsten Sch\u00e4ckel, J\u00fcrgen Schlichting, Thomas Talian, Dr. Sebastian van den Bergh und Dr. Charlotte Weber.<\/p>\n<p><strong>Zulassung:\u00a0<\/strong><\/p>\n<p>S\u00e4mtliche Rechtsanw\u00e4ltinnen und Rechtsanw\u00e4lte der Kanzlei sind nach dem Recht der Bundesrepublik Deutschland zugelassen und geh\u00f6ren der Rechtsanwaltskammer D\u00fcsseldorf an. S\u00e4mtliche Notarinnen und Notare der Kanzlei sind nach dem Recht der Bundesrepublik Deutschland zugelassen und geh\u00f6ren der Rheinischen Notarkammer an.\u00a0<\/p>\n<p><strong>Berufshaftpflichtversicherung:<\/strong><\/p>\n<p><span>ERGO Versicherung AG<\/span><br \/><span>ERGO-Platz 1<\/span><br \/><span>40477 D\u00fcsseldorf<\/span><\/p>\n<p><strong>Zust\u00e4ndige Berufskammern:\u00a0<\/strong><\/p>\n<p>Rechtsanwaltskammer D\u00fcsseldorf<\/p>\n<p>Freiligrathstra\u00dfe 25<br \/>40479 D\u00fcsseldorf<br \/>T +49 (0) 211 . 4 95 02-0<br \/><a href=\"mailto:info@rak-dus.de\">info@rak-dus.de<\/a><br \/>Postfach 10 42 37<br \/>40033 D\u00fcsseldorf<\/p>\n<p>Rheinische Notarkammer<\/p>\n<p>Burgmauer 53<br \/>Gustav-R\u00f6mer-Haus<br \/>50667 K\u00f6ln<br \/>T +49 (0) 221 . 2 57 52 91<br \/>F +49 (0) 221 . 2 57 53 10<br \/><a href=\"http:\/\/www.rhnotk.de\/\">www.rhnotk.de<\/a><br \/><a href=\"mailto:info@rhnotk.de\">info@rhnotk.de<\/a>\u00a0<\/p>\n<p><strong>Zust\u00e4ndige Aufsichtsbeh\u00f6rde gem. \u00a7\u00a092 BNotO:<\/strong><\/p>\n<p>Pr\u00e4sident des Landgerichts Duisburg<br \/>K\u00f6nig-Heinrich-Platz 1<br \/>47051 Duisburg<\/p>\n<p><strong>Gr\u00fcter<\/strong><span>\u00a0<\/span><strong>Hamm M\u00fcnster PartGmbB\u00a0<\/strong><\/p>\n<p>He\u00dflerstra\u00dfe 40<br \/>59065 Hamm<br \/>Postfach 2293<br \/><span>T +49 (0) 23 81 . 16 08-0<\/span><br \/><span>F +49 (0) 23 81 . 16 08-200<\/span><br \/><a href=\"mailto:direkt@grueter.de\">direkt@grueter.de<\/a><\/p>\n<p>Zweigniederlassung unter gleichem Namen errichtet in M\u00fcnster:<\/p>\n<p>Johann-Krane-Weg 10<br \/>48149 M\u00fcnster<br \/><span>T +49 (0) 251 . 97 00 82-00<\/span><br \/><span>F +49 (0) 251 . 97 00 82-99<\/span><br \/><a href=\"mailto:direkt@grueter.de\">direkt@grueter.de<\/a><\/p>\n<p><strong>Registergericht:<\/strong><\/p>\n<p>Amtsgericht Essen<br \/>Registernummer PR 5431<\/p>\n<p>Gr\u00fcter Hamm M\u00fcnster PartGmbB ist eine Partnerschaftsgesellschaft mit beschr\u00e4nkter Berufshaftung mit Sitz in Hamm und im Partnerschaftsregister des Amtsgerichts Essen unter der Nr. PR 5431 eingetragen. Die jeweils zur Einzelvertretung berechtigten Partner sind die Rechtsanw\u00e4ltinnen und Rechtsanw\u00e4lte Dr. Rudolf Brocker, Dr. Tilman Coenen, Dr. Florian Dallwig, Dr. Martin Lange, Dr. Christoph Reimann, Dr. Peter R\u00f6smann, Dr. Nils R\u00fcmpker, Dr. Till Veltmann, Dr. Philip Seel und Julian-Alexander Gerhold.<\/p>\n<p><strong>Zulassung:\u00a0<\/strong><\/p>\n<p>S\u00e4mtliche Rechtsanw\u00e4ltinnen und Rechtsanw\u00e4lte der Kanzlei sind nach dem Recht der Bundesrepublik Deutschland zugelassen und geh\u00f6ren der Rechtsanwaltskammer Hamm an. S\u00e4mtliche Notarinnen und Notare der Kanzlei am Standort M\u00fcnster und Hamm sind nach dem Recht der Bundesrepublik Deutschland zugelassen und geh\u00f6ren der Westf\u00e4lischen Notarkammer an.\u00a0<\/p>\n<p><strong>Berufshaftpflichtversicherung:<\/strong><\/p>\n<p>ERGO Versicherung AG<br \/>Victoriaplatz 1<br \/>40477 D\u00fcsseldorf<\/p>\n<p><strong>Zust\u00e4ndige Berufskammern:\u00a0<\/strong><\/p>\n<p>Rechtsanwaltskammer Hamm<br \/>(K\u00f6rperschaft des \u00f6ffentlichen Rechts)<\/p>\n<p>Ostenallee 18<br \/>59063 Hamm<br \/>Deutschland<br \/>T<span>\u00a0<\/span><span>+49 (0)\u00a0<\/span>23 81 . 98 50 00<br \/>E-Mail:<span>\u00a0<\/span><a href=\"mailto:info@rak-hamm.de\">info@rak-hamm.de<\/a>\u00a0<\/p>\n<p>Internet:<span>\u00a0<\/span><a href=\"http:\/\/www.rechtsanwaltskammer-hamm.de\/\">http:\/\/www.rechtsanwaltskammer-hamm.de<\/a><\/p>\n<p>Westf\u00e4lische Notarkammer<\/p>\n<p>Ostenallee 18<br \/>59063 Hamm<br \/>T<span>\u00a0<\/span><span>+49 (0)\u00a0<\/span>23 81 . 96959-0<br \/>F<span>\u00a0<\/span><span>+49 (0)\u00a0<\/span>23 81 . 96959-51<br \/>E-Mail:<span>\u00a0<\/span><a href=\"mailto:info@westfaelische-notarkammer.de\">info@westfaelische-notarkammer.de<\/a><\/p>\n<p><strong>Zust\u00e4ndige Aufsichtsbeh\u00f6rde gem. \u00a7\u00a092 BNotO:<\/strong><\/p>\n<p><strong>Notarinnen\/Notare Hamm<\/strong><\/p>\n<p>Pr\u00e4sident des Landgerichts Dortmund<br \/>Kaiserstra\u00dfe 34<br \/>44135 Dortmund<\/p>\n<p><strong>Notarinnen\/Notare M\u00fcnster<\/strong><\/p>\n<p>Pr\u00e4sident des Landgerichts M\u00fcnster<br \/>Am Stadtgraben 10<br \/>48143 M\u00fcnster<\/p>\n<p><strong>Standort\u00fcbergreifende Informationen:\u00a0<\/strong><\/p>\n<p><span><strong>Hinweis gem. \u00a7 36 VSBG:\u00a0<\/strong>Wir<\/span><span>\u00a0<\/span>sind weder bereit, noch verpflichtet, an einem Streitbeilegungsverfahren vor einer Verbraucherschlichtungsstelle teilzunehmen.<\/p>\n<p><strong>Berufsrechtliche Regelungen f\u00fcr Rechtsanw\u00e4ltinnen und Rechtsanw\u00e4lte:<\/strong><\/p>\n<p>Die ma\u00dfgeblichen berufsrechtlichen Regelungen sind u.a. die Bundesrechtsanwaltsordnung (BRAO), die Berufsordnung (BORA), die Fachanwaltsordnung (FAO), das Rechtsanwaltsverg\u00fctungsgesetz (RVG) und die Berufsregeln der Rechtsanw\u00e4lte der Europ\u00e4ischen Union (CCBE-Berufsregeln). Sie finden diese unter\u00a0<\/p>\n<p><a href=\"https:\/\/www.brak.de\/anwaltschaft\/berufsrecht\/\">https:\/\/www.brak.de\/anwaltschaft\/berufsrecht\/<\/a><\/p>\n<p><strong>Berufsrechtliche Regelungen f\u00fcr Notare:\u00a0<\/strong><\/p>\n<p>Die ma\u00dfgeblichen berufsrechtlichen Regelungen sind u.a. die Bundesnotarordnung (BNotO), Beurkundungsgesetz (BeurkG), Dienstordnung f\u00fcr Notarinnen und Notare (DONot), Verordnung \u00fcber die F\u00fchrung notarieller Akten und Verzeichnisse (NotAktVV), Berufsrichtlinien der Notarkammer, Gerichts- und Notarkostengesetz (GNotKG). Sie finden diese unter<\/p>\n<p><a href=\"https:\/\/www.notar.de\/der-notar\/berufsrecht\">https:\/\/www.notar.de\/der-notar\/berufsrecht<\/a><\/p>\n<\/div>\n<p><!--more--><br \/>\n<!-- {\"type\":\"layout\",\"children\":[{\"type\":\"section\",\"props\":{\"class\":\"section-head-blur-white rechtsgebiete_header rh_ohne_bild\",\"height\":\"pixels\",\"height_viewport\":600,\"image_position\":\"center-center\",\"style\":\"default\",\"title_breakpoint\":\"xl\",\"title_position\":\"top-left\",\"title_rotation\":\"left\",\"vertical_align\":\"middle\",\"width\":\"default\"},\"children\":[{\"type\":\"row\",\"children\":[{\"type\":\"column\",\"props\":{\"image_position\":\"center-center\",\"position_sticky_breakpoint\":\"m\"},\"children\":[{\"type\":\"text\",\"props\":{\"column_breakpoint\":\"m\",\"content\":\"\n\n<h1 class=\\\"h2\\\" style=\\\"text-align: center;\\\">Impressum<\\\/h1>\\n\",\"margin\":\"default\",\"position\":\"relative\",\"position_top\":\"80\"}}]}]}],\"name\":\"Section: Headerbereich ohne Bild\"},{\"type\":\"section\",\"props\":{\"class\":\"kompetenzen_grid\",\"image_position\":\"center-center\",\"padding_remove_top\":true,\"style\":\"default\",\"title_breakpoint\":\"xl\",\"title_position\":\"top-left\",\"title_rotation\":\"left\",\"vertical_align\":\"middle\",\"width\":\"default\"},\"children\":[{\"type\":\"row\",\"children\":[{\"type\":\"column\",\"props\":{\"image_position\":\"center-center\",\"position_sticky_breakpoint\":\"m\"},\"children\":[{\"type\":\"text\",\"props\":{\"column_breakpoint\":\"m\",\"content\":\"\n\n<p>Gr\\u00fcter ist eine Kooperation der selbst\\u00e4ndigen Partnerschaftsgesellschaften<span>\\u00a0<\\\/span><a>Gr\\u00fcter Rechtsanw\\u00e4lte PartGmbB<\\\/a><span>\\u00a0<\\\/span>(Duisburg) und Gr\\u00fcter Hamm M\\u00fcnster PartGmbB (Hamm und M\\u00fcnster).<\\\/p>\\n\n\n<p>Die jeweiligen Partnerschaftsgesellschaften sind f\\u00fcr die Angaben \\u00fcber ihre jeweiligen Standorte und die einzelnen Berufstr\\u00e4ger und Berufstr\\u00e4gerinnen ausschlie\\u00dflich selbst verantwortlich.<\\\/p>\\n\n\n<p>F\\u00fcr weitere Angaben, die unabh\\u00e4ngig von den einzelnen Partnerschaftsgesellschaften den Internetauftritt<span>\\u00a0<\\\/span><a href=\\\"http:\\\/\\\/www.grueter.de\\\/\\\">www.grueter.de<\\\/a><span>\\u00a0<\\\/span>insgesamt betreffen, sind die nachfolgend genannten Partnerschaftsgesellschaften mit beschr\\u00e4nkter Berufshaftung gemeinschaftlich verantwortlich.\\u00a0<\\\/p>\\n\n\n<p><strong>Gr\\u00fcter<\\\/strong><span>\\u00a0<\\\/span><strong>Rechtsanw\\u00e4lte PartGmbB<\\\/strong><\\\/p>\\n\n\n<p>Stresemannstra\\u00dfe 20\\u201322<br \\\/>47051 Duisburg<br \\\/><span>T +49 (0) 203 . 3 05 09-0<\\\/span><br \\\/><span>F +49 (0) 203 . 3 05 09-200<\\\/span><br \\\/>E-Mail:<span>\\u00a0<\\\/span><a href=\\\"mailto:direkt@grueter.de\\\">direkt@grueter.de<\\\/a><br \\\/>Internet:<span>\\u00a0<\\\/span><a href=\\\"http:\\\/\\\/www.grueter.de\\\/\\\">www.grueter.de<\\\/a><br \\\/>Ust.-IdNr.: DE119575213<\\\/p>\\n\n\n<p><strong>Registergericht:<\\\/strong><\\\/p>\\n\n\n<p>Amtsgericht Essen\\u00a0<br \\\/>Registernummer 3941<\\\/p>\\n\n\n<p>Gr\\u00fcter Rechtsanw\\u00e4lte PartGmbB ist eine Partnerschaftsgesellschaft mit beschr\\u00e4nkter Berufshaftung mit Sitz in Duisburg und im Partnerschaftsregister des Amtsgerichts Essen unter der Nr. 3941 eingetragen. Die Partnerschaftsgesellschaft wird durch zwei Partner gemeinsam vertreten. Partner sind die Rechtsanw\\u00e4ltinnen und Rechtsanw\\u00e4lte Dr.\\u00a0Ina-Maria B\\u00f6ning, Andreas Felsch, Dr.\\u00a0Sandra Fischer, Dr. Andreas Gr\\u00fcter, Dr.\\u00a0Erich Gr\\u00fcter, Dr. Stephan Kessen, Dr.\\u00a0Eva Klatt, Dr. Thorsten Sch\\u00e4ckel, J\\u00fcrgen Schlichting, Thomas Talian, Dr. Sebastian van den Bergh und Dr. Charlotte Weber.<\\\/p>\\n\n\n<p><strong>Zulassung:\\u00a0<\\\/strong><\\\/p>\\n\n\n<p>S\\u00e4mtliche Rechtsanw\\u00e4ltinnen und Rechtsanw\\u00e4lte der Kanzlei sind nach dem Recht der Bundesrepublik Deutschland zugelassen und geh\\u00f6ren der Rechtsanwaltskammer D\\u00fcsseldorf an. S\\u00e4mtliche Notarinnen und Notare der Kanzlei sind nach dem Recht der Bundesrepublik Deutschland zugelassen und geh\\u00f6ren der Rheinischen Notarkammer an.\\u00a0<\\\/p>\\n\n\n<p><strong>Berufshaftpflichtversicherung:<\\\/strong><\\\/p>\\n\n\n<p><span>ERGO Versicherung AG<\\\/span><br \\\/><span>ERGO-Platz 1<\\\/span><br \\\/><span>40477 D\\u00fcsseldorf<\\\/span><\\\/p>\\n\n\n<p><strong>Zust\\u00e4ndige Berufskammern:\\u00a0<\\\/strong><\\\/p>\\n\n\n<p>Rechtsanwaltskammer D\\u00fcsseldorf<\\\/p>\\n\n\n<p>Freiligrathstra\\u00dfe 25<br \\\/>40479 D\\u00fcsseldorf<br \\\/>T +49 (0) 211 . 4 95 02-0<br \\\/><a href=\\\"mailto:info@rak-dus.de\\\">info@rak-dus.de<\\\/a><br \\\/>Postfach 10 42 37<br \\\/>40033 D\\u00fcsseldorf<\\\/p>\\n\n\n<p>Rheinische Notarkammer<\\\/p>\\n\n\n<p>Burgmauer 53<br \\\/>Gustav-R\\u00f6mer-Haus<br \\\/>50667 K\\u00f6ln<br \\\/>T +49 (0) 221 . 2 57 52 91<br \\\/>F +49 (0) 221 . 2 57 53 10<br \\\/><a href=\\\"http:\\\/\\\/www.rhnotk.de\\\/\\\">www.rhnotk.de<\\\/a><br \\\/><a href=\\\"mailto:info@rhnotk.de\\\">info@rhnotk.de<\\\/a>\\u00a0<\\\/p>\\n\n\n<p><strong>Zust\\u00e4ndige Aufsichtsbeh\\u00f6rde gem. \\u00a7\\u00a092 BNotO:<\\\/strong><\\\/p>\\n\n\n<p>Pr\\u00e4sident des Landgerichts Duisburg<br \\\/>K\\u00f6nig-Heinrich-Platz 1<br \\\/>47051 Duisburg<\\\/p>\\n\n\n<p><strong>Gr\\u00fcter<\\\/strong><span>\\u00a0<\\\/span><strong>Hamm M\\u00fcnster PartGmbB\\u00a0<\\\/strong><br \\\/><br \\\/>He\\u00dflerstra\\u00dfe 40<br \\\/>59065 Hamm<br \\\/>Postfach 2293<br \\\/><span>T +49 (0) 23 81 . 16 08-0<\\\/span><br \\\/><span>F +49 (0) 23 81 . 16 08-200<\\\/span><br \\\/><a href=\\\"mailto:direkt@grueter.de\\\">direkt@grueter.de<\\\/a><\\\/p>\\n\n\n<p>Zweigniederlassung unter gleichem Namen errichtet in M\\u00fcnster:<\\\/p>\\n\n\n<p>Johann-Krane-Weg 10<br \\\/>48149 M\\u00fcnster<br \\\/><span>T +49 (0) 251 . 97 00 82-00<\\\/span><br \\\/><span>F +49 (0) 251 . 97 00 82-99<\\\/span><br \\\/><a href=\\\"mailto:direkt@grueter.de\\\">direkt@grueter.de<\\\/a><\\\/p>\\n\n\n<p><strong>Registergericht:<\\\/strong><\\\/p>\\n\n\n<p>Amtsgericht Essen<br \\\/>Registernummer PR 5431<\\\/p>\\n\n\n<p>Gr\\u00fcter Hamm M\\u00fcnster PartGmbB ist eine Partnerschaftsgesellschaft mit beschr\\u00e4nkter Berufshaftung mit Sitz in Hamm und im Partnerschaftsregister des Amtsgerichts Essen unter der Nr. PR 5431 eingetragen. Die jeweils zur Einzelvertretung berechtigten Partner sind die Rechtsanw\\u00e4ltinnen und Rechtsanw\\u00e4lte Dr. Rudolf Brocker, Dr. Tilman Coenen, Dr. Florian Dallwig, Dr. Martin Lange, Dr. Christoph Reimann, Dr. Peter R\\u00f6smann, Dr. Nils R\\u00fcmpker, Dr. Till Veltmann, Dr. Philip Seel und Julian-Alexander Gerhold.<\\\/p>\\n\n\n<p><strong>Zulassung:\\u00a0<\\\/strong><\\\/p>\\n\n\n<p>S\\u00e4mtliche Rechtsanw\\u00e4ltinnen und Rechtsanw\\u00e4lte der Kanzlei sind nach dem Recht der Bundesrepublik Deutschland zugelassen und geh\\u00f6ren der Rechtsanwaltskammer Hamm an. S\\u00e4mtliche Notarinnen und Notare der Kanzlei am Standort M\\u00fcnster und Hamm sind nach dem Recht der Bundesrepublik Deutschland zugelassen und geh\\u00f6ren der Westf\\u00e4lischen Notarkammer an.\\u00a0<\\\/p>\\n\n\n<p><strong>Berufshaftpflichtversicherung:<\\\/strong><\\\/p>\\n\n\n<p>ERGO Versicherung AG<br \\\/>Victoriaplatz 1<br \\\/>40477 D\\u00fcsseldorf<\\\/p>\\n\n\n<p><strong>Zust\\u00e4ndige Berufskammern:\\u00a0<\\\/strong><\\\/p>\\n\n\n<p>Rechtsanwaltskammer Hamm<br \\\/>(K\\u00f6rperschaft des \\u00f6ffentlichen Rechts)<\\\/p>\\n\n\n<p>Ostenallee 18<br \\\/>59063 Hamm<br \\\/>Deutschland<br \\\/>T<span>\\u00a0<\\\/span><span>+49 (0)\\u00a0<\\\/span>23 81 . 98 50 00<br \\\/>E-Mail:<span>\\u00a0<\\\/span><a href=\\\"mailto:info@rak-hamm.de\\\">info@rak-hamm.de<\\\/a>\\u00a0<\\\/p>\\n\n\n<p>Internet:<span>\\u00a0<\\\/span><a href=\\\"http:\\\/\\\/www.rechtsanwaltskammer-hamm.de\\\/\\\">http:\\\/\\\/www.rechtsanwaltskammer-hamm.de<\\\/a><\\\/p>\\n\n\n<p>Westf\\u00e4lische Notarkammer<br \\\/><br \\\/>Ostenallee 18<br \\\/>59063 Hamm<br \\\/>T<span>\\u00a0<\\\/span><span>+49 (0)\\u00a0<\\\/span>23 81 . 96959-0<br \\\/>F<span>\\u00a0<\\\/span><span>+49 (0)\\u00a0<\\\/span>23 81 . 96959-51<br \\\/>E-Mail:<span>\\u00a0<\\\/span><a href=\\\"mailto:info@westfaelische-notarkammer.de\\\">info@westfaelische-notarkammer.de<\\\/a><\\\/p>\\n\n\n<p><strong>Zust\\u00e4ndige Aufsichtsbeh\\u00f6rde gem. \\u00a7\\u00a092 BNotO:<\\\/strong><\\\/p>\\n\n\n<p><strong>Notarinnen\\\/Notare Hamm<\\\/strong><\\\/p>\\n\n\n<p>Pr\\u00e4sident des Landgerichts Dortmund<br \\\/>Kaiserstra\\u00dfe 34<br \\\/>44135 Dortmund<\\\/p>\\n\n\n<p><strong>Notarinnen\\\/Notare M\\u00fcnster<\\\/strong><\\\/p>\\n\n\n<p>Pr\\u00e4sident des Landgerichts M\\u00fcnster<br \\\/>Am Stadtgraben 10<br \\\/>48143 M\\u00fcnster<\\\/p>\\n\n\n<p><strong>Standort\\u00fcbergreifende Informationen:\\u00a0<\\\/strong><\\\/p>\\n\n\n<p><span><strong>Hinweis gem. \\u00a7 36 VSBG:\\u00a0<\\\/strong>Wir<\\\/span><span>\\u00a0<\\\/span>sind weder bereit, noch verpflichtet, an einem Streitbeilegungsverfahren vor einer Verbraucherschlichtungsstelle teilzunehmen.<\\\/p>\\n\n\n<p><strong>Berufsrechtliche Regelungen f\\u00fcr Rechtsanw\\u00e4ltinnen und Rechtsanw\\u00e4lte:<\\\/strong><\\\/p>\\n\n\n<p>Die ma\\u00dfgeblichen berufsrechtlichen Regelungen sind u.a. die Bundesrechtsanwaltsordnung (BRAO), die Berufsordnung (BORA), die Fachanwaltsordnung (FAO), das Rechtsanwaltsverg\\u00fctungsgesetz (RVG) und die Berufsregeln der Rechtsanw\\u00e4lte der Europ\\u00e4ischen Union (CCBE-Berufsregeln). Sie finden diese unter\\u00a0<\\\/p>\\n\n\n<p><a href=\\\"https:\\\/\\\/www.brak.de\\\/anwaltschaft\\\/berufsrecht\\\/\\\">https:\\\/\\\/www.brak.de\\\/anwaltschaft\\\/berufsrecht\\\/<\\\/a><\\\/p>\\n\n\n<p><strong>Berufsrechtliche Regelungen f\\u00fcr Notare:\\u00a0<\\\/strong><\\\/p>\\n\n\n<p>Die ma\\u00dfgeblichen berufsrechtlichen Regelungen sind u.a. die Bundesnotarordnung (BNotO), Beurkundungsgesetz (BeurkG), Dienstordnung f\\u00fcr Notarinnen und Notare (DONot), Verordnung \\u00fcber die F\\u00fchrung notarieller Akten und Verzeichnisse (NotAktVV), Berufsrichtlinien der Notarkammer, Gerichts- und Notarkostengesetz (GNotKG). Sie finden diese unter<\\\/p>\\n\n\n<p><a href=\\\"https:\\\/\\\/www.notar.de\\\/der-notar\\\/berufsrecht\\\">https:\\\/\\\/www.notar.de\\\/der-notar\\\/berufsrecht<\\\/a><\\\/p>\",\"margin\":\"default\",\"margin_remove_top\":true}}]}]}]}],\"version\":\"4.5.19\"} --><\/p>\n","protected":false},"excerpt":{"rendered":"<p>Impressum Gr\u00fcter ist eine Kooperation der selbst\u00e4ndigen Partnerschaftsgesellschaften\u00a0Gr\u00fcter Rechtsanw\u00e4lte PartGmbB\u00a0(Duisburg) und Gr\u00fcter Hamm M\u00fcnster PartGmbB (Hamm und M\u00fcnster). Die jeweiligen Partnerschaftsgesellschaften sind f\u00fcr die Angaben \u00fcber ihre jeweiligen Standorte und die einzelnen Berufstr\u00e4ger und Berufstr\u00e4gerinnen ausschlie\u00dflich selbst verantwortlich. F\u00fcr weitere Angaben, die unabh\u00e4ngig von den einzelnen Partnerschaftsgesellschaften den Internetauftritt\u00a0www.grueter.de\u00a0insgesamt betreffen, sind die nachfolgend genannten Partnerschaftsgesellschaften [&hellip;]<\/p>\n","protected":false},"author":6,"featured_media":0,"parent":0,"menu_order":0,"comment_status":"closed","ping_status":"closed","template":"","meta":{"footnotes":""},"class_list":["post-1770","page","type-page","status-publish","hentry"],"_links":{"self":[{"href":"https:\/\/ecstatic-raman.82-165-76-74.plesk.page\/index.php\/wp-json\/wp\/v2\/pages\/1770","targetHints":{"allow":["GET"]}}],"collection":[{"href":"https:\/\/ecstatic-raman.82-165-76-74.plesk.page\/index.php\/wp-json\/wp\/v2\/pages"}],"about":[{"href":"https:\/\/ecstatic-raman.82-165-76-74.plesk.page\/index.php\/wp-json\/wp\/v2\/types\/page"}],"author":[{"embeddable":true,"href":"https:\/\/ecstatic-raman.82-165-76-74.plesk.page\/index.php\/wp-json\/wp\/v2\/users\/6"}],"replies":[{"embeddable":true,"href":"https:\/\/ecstatic-raman.82-165-76-74.plesk.page\/index.php\/wp-json\/wp\/v2\/comments?post=1770"}],"version-history":[{"count":10,"href":"https:\/\/ecstatic-raman.82-165-76-74.plesk.page\/index.php\/wp-json\/wp\/v2\/pages\/1770\/revisions"}],"predecessor-version":[{"id":2104,"href":"https:\/\/ecstatic-raman.82-165-76-74.plesk.page\/index.php\/wp-json\/wp\/v2\/pages\/1770\/revisions\/2104"}],"wp:attachment":[{"href":"https:\/\/ecstatic-raman.82-165-76-74.plesk.page\/index.php\/wp-json\/wp\/v2\/media?parent=1770"}],"curies":[{"name":"wp","href":"https:\/\/api.w.org\/{rel}","templated":true}]}}