{"id":136,"date":"2026-04-07T10:15:23","date_gmt":"2026-04-07T10:15:23","guid":{"rendered":"https:\/\/ecstatic-raman.82-165-76-74.plesk.page\/?page_id=136"},"modified":"2026-05-04T12:33:20","modified_gmt":"2026-05-04T12:33:20","slug":"kontakt","status":"publish","type":"page","link":"https:\/\/ecstatic-raman.82-165-76-74.plesk.page\/index.php\/kontakt\/","title":{"rendered":"Kontakt"},"content":{"rendered":"<div>\n<h1 class=\"h2\" style=\"text-align: center;\">Kontakt<\/h1>\n<h2 class=\"h1\" style=\"text-align: center;\">Direkt. Pers\u00f6nlich. Verl\u00e4sslich.<\/h2>\n<\/div>\n<div>\n<div class=\"main-header-bg1\"><\/div>\n<div class=\"main-header-bg2\"><\/div>\n<\/div>\n<div>\n<p><strong>Duisburg<\/strong><\/p>\n<p>Stresemannstra\u00dfe 20\u201322\u00a0<br \/>47051 Duisburg\u00a0<br \/>T +49 (0) 203 . 3 05 09-0<br \/>F +49 (0) 203 . 3 05 09-200<\/p>\n<\/div>\n<div>\n<p><strong>Hamm<\/strong><\/p>\n<p>He\u00dflerstra\u00dfe 40\u00a0<br \/>59065 Hamm\u00a0<br \/>T +49 (0) 23 81 . 16 08-0<br \/>F +49 (0) 23 81 . 16 08-200<\/p>\n<\/div>\n<div>\n<p><strong>M\u00fcnster<\/strong><\/p>\n<p>Johann-Krane-Weg 10\u00a0<br \/>48149 M\u00fcnster\u00a0<br \/>T +49 (0) 251 . 97 00 82-00<br \/>F +49 (0) 251 . 97 00 82-99<\/p>\n<\/div>\n<h3><span>Schreiben Sie uns eine Nachricht<\/span><\/h3>\n<div>\n\n<div class=\"wpcf7 no-js\" id=\"wpcf7-f2180-o1\" lang=\"de-DE\" dir=\"ltr\" data-wpcf7-id=\"2180\">\n<div class=\"screen-reader-response\"><p role=\"status\" aria-live=\"polite\" aria-atomic=\"true\"><\/p> <ul><\/ul><\/div>\n<form action=\"\/index.php\/wp-json\/wp\/v2\/pages\/136#wpcf7-f2180-o1\" method=\"post\" class=\"wpcf7-form init\" aria-label=\"Kontaktformular\" novalidate=\"novalidate\" data-status=\"init\">\n<fieldset class=\"hidden-fields-container\"><input type=\"hidden\" name=\"_wpcf7\" value=\"2180\" \/><input type=\"hidden\" name=\"_wpcf7_version\" value=\"6.1.5\" \/><input type=\"hidden\" name=\"_wpcf7_locale\" value=\"de_DE\" \/><input type=\"hidden\" name=\"_wpcf7_unit_tag\" value=\"wpcf7-f2180-o1\" \/><input type=\"hidden\" name=\"_wpcf7_container_post\" value=\"0\" \/><input type=\"hidden\" name=\"_wpcf7_posted_data_hash\" value=\"\" \/>\n<\/fieldset>\n<p><label><span class=\"wpcf7-form-control-wrap\" data-name=\"anrede\"><select class=\"wpcf7-form-control wpcf7-select\" aria-invalid=\"false\" name=\"anrede\"><option value=\"\">Anrede<\/option><option value=\"Frau\">Frau<\/option><option value=\"Herr\">Herr<\/option><option value=\"Divers\">Divers<\/option><\/select><\/span><\/label>\n<\/p>\n<p><label><span class=\"wpcf7-form-control-wrap\" data-name=\"full_name\"><input size=\"40\" maxlength=\"400\" class=\"wpcf7-form-control wpcf7-text wpcf7-validates-as-required\" aria-required=\"true\" aria-invalid=\"false\" placeholder=\"Name *\" value=\"\" type=\"text\" name=\"full_name\" \/><\/span><\/label><br \/>\n<label><span id=\"wpcf7-6a00af2db90a1-wrapper\" class=\"wpcf7-form-control-wrap adresse-wrap\" style=\"display:none !important; visibility:hidden !important;\"><label for=\"wpcf7-6a00af2db90a1-field\" class=\"hp-message\">Bitte lasse dieses Feld leer.<\/label><input id=\"wpcf7-6a00af2db90a1-field\"  placeholder=\"Adresse\"  class=\"wpcf7-form-control wpcf7-text\" type=\"text\" name=\"adresse\" value=\"\" size=\"40\" tabindex=\"-1\" autocomplete=\"new-password\" \/><\/span><\/label><br \/>\n<label><span class=\"wpcf7-form-control-wrap\" data-name=\"telefon\"><input size=\"40\" maxlength=\"400\" class=\"wpcf7-form-control wpcf7-tel wpcf7-text wpcf7-validates-as-tel\" aria-invalid=\"false\" placeholder=\"Telefon\" value=\"\" type=\"tel\" name=\"telefon\" \/><\/span><\/label><br \/>\n<label><span class=\"wpcf7-form-control-wrap\" data-name=\"email\"><input size=\"40\" maxlength=\"400\" class=\"wpcf7-form-control wpcf7-email wpcf7-validates-as-required wpcf7-text wpcf7-validates-as-email\" aria-required=\"true\" aria-invalid=\"false\" placeholder=\"E-Mail *\" value=\"\" type=\"email\" name=\"email\" \/><\/span><\/label><br \/>\n<label><span class=\"wpcf7-form-control-wrap\" data-name=\"nachricht\"><textarea cols=\"40\" rows=\"10\" maxlength=\"2000\" class=\"wpcf7-form-control wpcf7-textarea\" aria-invalid=\"false\" placeholder=\"Nachricht\" name=\"nachricht\"><\/textarea><\/span><\/label>\n<\/p>\n<p><label><span class=\"wpcf7-form-control-wrap\" data-name=\"datenschutz\"><span class=\"wpcf7-form-control wpcf7-checkbox wpcf7-validates-as-required\"><span class=\"wpcf7-list-item first last\"><label><input type=\"checkbox\" name=\"datenschutz[]\" value=\"Ich akzeptiere die Datenschutzbestimmungen. *\" \/><span class=\"wpcf7-list-item-label\">Ich akzeptiere die Datenschutzbestimmungen. *<\/span><\/label><\/span><\/span><\/span><\/label>\n<\/p>\n<p><input class=\"wpcf7-form-control wpcf7-submit has-spinner\" type=\"submit\" value=\"Absenden\" \/>\n<\/p><div class=\"wpcf7-response-output\" aria-hidden=\"true\"><\/div>\n<\/form>\n<\/div>\n<\/div>\n<p><!--more--><br \/>\n<!-- {\"type\":\"layout\",\"children\":[{\"type\":\"section\",\"props\":{\"class\":\"section-head-blur-white bild-verlaeufe\",\"height\":\"pixels\",\"height_viewport\":800,\"image\":\"wp-content\\\/uploads\\\/2026\\\/04\\\/gruppe_anwaelte_am_tisch_kontakt_1920x1080.webp\",\"image_position\":\"center-center\",\"image_size\":\"cover\",\"style\":\"default\",\"title_breakpoint\":\"xl\",\"title_position\":\"top-left\",\"title_rotation\":\"left\",\"vertical_align\":\"middle\",\"width\":\"default\"},\"children\":[{\"type\":\"row\",\"children\":[{\"type\":\"column\",\"props\":{\"image_position\":\"center-center\",\"position_sticky_breakpoint\":\"m\"},\"children\":[{\"type\":\"text\",\"props\":{\"column_breakpoint\":\"m\",\"content\":\"\n\n<h1 class=\\\"h2\\\" style=\\\"text-align: center;\\\">Kontakt<\\\/h1>\\n\n\n<h2 class=\\\"h1\\\" style=\\\"text-align: center;\\\">Direkt. Pers\\u00f6nlich. Verl\\u00e4sslich.<\\\/h2>\",\"margin\":\"default\",\"position\":\"relative\",\"position_top\":\"80\"}}]}]},{\"type\":\"row\",\"children\":[{\"type\":\"column\",\"props\":{\"image_position\":\"center-center\",\"position_sticky_breakpoint\":\"m\"},\"children\":[{\"type\":\"html\",\"props\":{\"content\":\"\n\n<div class=\\\"main-header-bg1\\\"><\\\/div>\\n\n\n<div class=\\\"main-header-bg2\\\"><\\\/div>\"}}]}]}],\"name\":\"Section: Headerbereich\"},{\"type\":\"section\",\"props\":{\"image_position\":\"center-center\",\"style\":\"default\",\"title_breakpoint\":\"xl\",\"title_position\":\"top-left\",\"title_rotation\":\"left\",\"vertical_align\":\"middle\",\"width\":\"default\"},\"children\":[{\"type\":\"row\",\"children\":[{\"type\":\"column\",\"props\":{\"image_position\":\"center-center\",\"position_sticky_breakpoint\":\"m\",\"width_medium\":\"1-3\"},\"children\":[{\"type\":\"text\",\"props\":{\"column_breakpoint\":\"m\",\"content\":\"\n\n<p><strong>Duisburg<\\\/strong><\\\/p>\\n\n\n<p>Stresemannstra\\u00dfe 20\\u201322\\u00a0<br \\\/>47051 Duisburg\\u00a0<br \\\/>T +49 (0) 203 . 3 05 09-0<br \\\/>F +49 (0) 203 . 3 05 09-200<\\\/p>\",\"margin\":\"default\"}}]},{\"type\":\"column\",\"props\":{\"image_position\":\"center-center\",\"position_sticky_breakpoint\":\"m\",\"width_medium\":\"1-3\"},\"children\":[{\"type\":\"text\",\"props\":{\"column_breakpoint\":\"m\",\"content\":\"\n\n<p><strong>Hamm<\\\/strong><\\\/p>\\n\n\n<p>He\\u00dflerstra\\u00dfe 40\\u00a0<br \\\/>59065 Hamm\\u00a0<br \\\/>T +49 (0) 23 81 . 16 08-0<br \\\/>F +49 (0) 23 81 . 16 08-200<\\\/p>\",\"margin\":\"default\"}}]},{\"type\":\"column\",\"props\":{\"image_position\":\"center-center\",\"position_sticky_breakpoint\":\"m\",\"width_medium\":\"1-3\"},\"children\":[{\"type\":\"text\",\"props\":{\"column_breakpoint\":\"m\",\"content\":\"\n\n<p><strong>M\\u00fcnster<\\\/strong><\\\/p>\\n\n\n<p>Johann-Krane-Weg 10\\u00a0<br \\\/>48149 M\\u00fcnster\\u00a0<br \\\/>T +49 (0) 251 . 97 00 82-00<br \\\/>F +49 (0) 251 . 97 00 82-99<\\\/p>\",\"margin\":\"default\"}}]}],\"props\":{\"layout\":\"1-3,1-3,1-3\"}}]},{\"type\":\"section\",\"props\":{\"image_position\":\"center-center\",\"style\":\"default\",\"title_breakpoint\":\"xl\",\"title_position\":\"top-left\",\"title_rotation\":\"left\",\"vertical_align\":\"middle\",\"width\":\"default\"},\"children\":[{\"type\":\"row\",\"children\":[{\"type\":\"column\",\"props\":{\"image_position\":\"center-center\",\"position_sticky_breakpoint\":\"m\"},\"children\":[{\"type\":\"headline\",\"props\":{\"content\":\"<span>Schreiben Sie uns eine Nachricht<\\\/span>\",\"text_align\":\"left\",\"title_element\":\"h3\"}}]}]},{\"type\":\"row\",\"children\":[{\"type\":\"column\",\"props\":{\"image_position\":\"center-center\",\"position_sticky_breakpoint\":\"m\"},\"children\":[{\"type\":\"html\",\"props\":{\"content\":\"[contact-form-7 id=\\\"7801b97\\\" title=\\\"Kontaktformular\\\"]\"}}]}]}]}],\"version\":\"4.5.19\"} --><\/p>\n","protected":false},"excerpt":{"rendered":"<p>Kontakt Direkt. Pers\u00f6nlich. Verl\u00e4sslich. Duisburg Stresemannstra\u00dfe 20\u201322\u00a047051 Duisburg\u00a0T +49 (0) 203 . 3 05 09-0F +49 (0) 203 . 3 05 09-200 Hamm He\u00dflerstra\u00dfe 40\u00a059065 Hamm\u00a0T +49 (0) 23 81 . 16 08-0F +49 (0) 23 81 . 16 08-200 M\u00fcnster Johann-Krane-Weg 10\u00a048149 M\u00fcnster\u00a0T +49 (0) 251 . 97 00 82-00F +49 (0) 251 . [&hellip;]<\/p>\n","protected":false},"author":2,"featured_media":0,"parent":0,"menu_order":9,"comment_status":"closed","ping_status":"closed","template":"","meta":{"footnotes":""},"class_list":["post-136","page","type-page","status-publish","hentry"],"_links":{"self":[{"href":"https:\/\/ecstatic-raman.82-165-76-74.plesk.page\/index.php\/wp-json\/wp\/v2\/pages\/136","targetHints":{"allow":["GET"]}}],"collection":[{"href":"https:\/\/ecstatic-raman.82-165-76-74.plesk.page\/index.php\/wp-json\/wp\/v2\/pages"}],"about":[{"href":"https:\/\/ecstatic-raman.82-165-76-74.plesk.page\/index.php\/wp-json\/wp\/v2\/types\/page"}],"author":[{"embeddable":true,"href":"https:\/\/ecstatic-raman.82-165-76-74.plesk.page\/index.php\/wp-json\/wp\/v2\/users\/2"}],"replies":[{"embeddable":true,"href":"https:\/\/ecstatic-raman.82-165-76-74.plesk.page\/index.php\/wp-json\/wp\/v2\/comments?post=136"}],"version-history":[{"count":14,"href":"https:\/\/ecstatic-raman.82-165-76-74.plesk.page\/index.php\/wp-json\/wp\/v2\/pages\/136\/revisions"}],"predecessor-version":[{"id":2224,"href":"https:\/\/ecstatic-raman.82-165-76-74.plesk.page\/index.php\/wp-json\/wp\/v2\/pages\/136\/revisions\/2224"}],"wp:attachment":[{"href":"https:\/\/ecstatic-raman.82-165-76-74.plesk.page\/index.php\/wp-json\/wp\/v2\/media?parent=136"}],"curies":[{"name":"wp","href":"https:\/\/api.w.org\/{rel}","templated":true}]}}