{"id":134,"date":"2026-04-07T10:14:51","date_gmt":"2026-04-07T10:14:51","guid":{"rendered":"https:\/\/ecstatic-raman.82-165-76-74.plesk.page\/?page_id=134"},"modified":"2026-05-05T08:46:56","modified_gmt":"2026-05-05T08:46:56","slug":"karriere","status":"publish","type":"page","link":"https:\/\/ecstatic-raman.82-165-76-74.plesk.page\/index.php\/karriere\/","title":{"rendered":"Karriere"},"content":{"rendered":"<div>\n<h1 class=\"h2\" style=\"text-align: center;\">Karriere bei Gr\u00fcter<\/h1>\n<h2 class=\"h1\" style=\"text-align: center;\">Teamgeist erleben.<\/h2>\n<\/div>\n<div>\n<p><span>Gegenseitiger Respekt und Akzeptanz sind bei uns standort\u00fcbergreifend Schl\u00fcssel f\u00fcr erfolgreiche Mandatsarbeit. Freundschaftliche Kollegialit\u00e4t hat bei uns einen herausragenden Stellenwert. Der besondere Gr\u00fcter-Spirit und Teamgeist sind Grundlagen f\u00fcr ein modernes, anspruchsvolles und gleichsam entspanntes Arbeitsumfeld.\u00a0<\/span><\/p>\n<p><span>Beim Qualit\u00e4tsanspruch ziehen wir alle an einem Strang. Hohes pers\u00f6nliches Commitment, fachliche Exzellenz, Teamarbeit und die gesunde Einsch\u00e4tzung unseres K\u00f6nnens kennzeichnen unsere Arbeitsweise. Durch unsere \u00fcberregionale und internationale Beratungst\u00e4tigkeit haben wir langj\u00e4hrige und bew\u00e4hrte Beziehungen zu Anwaltskanzleien im In- und Ausland aufgebaut, die wir in unsere Mandatsarbeit einbeziehen.\u00a0<\/span><\/p>\n<p><span>Komplexe Mandate, langj\u00e4hrige Mandatsbeziehungen und das positive Feedback aus der Mandantschaft best\u00e4rken uns standort\u00fcbergreifend, als international ausgerichtete mittelst\u00e4ndische Einheit am Markt zu agieren. Sowohl intern als auch im Arbeits- und Vertrauensverh\u00e4ltnis zu Mandanten zeichnen uns kurze Entscheidungswege und die Offenheit f\u00fcr individuelle L\u00f6sungen aus.\u00a0<\/span><\/p>\n<p><span>Flexible Arbeits- und Partnermodelle werden bei uns gelebt. Wir glauben daran, dass wir auch im Gesch\u00e4ftsleben nur erfolgreich sein k\u00f6nnen, wenn wir die Vielfalt einer modernen Gesellschaft anerkennen, unterst\u00fctzen und f\u00f6rdern. Nachhaltigkeit und Diversity sind f\u00fcr uns eine praktizierte Selbstverst\u00e4ndlichkeit. So verwurzelt wir einerseits sind, so modernisierungs- und wandlungsf\u00e4hig sind wir andererseits.<\/span><\/p>\n<p><span>Dabei setzen wir im gesamten Team auf Einbindung und Perspektive. Wer zu uns kommt, f\u00fchlt sich dauerhaft wohl.<\/span><\/p>\n<\/div>\n<h3><span>Ihre Bewerbung<\/span><\/h3>\n<ul>\n<li>\n<p><a href=\"\/index.php\/karriere\/rechtsanwaelte-mwd\/\">Rechtsanw\u00e4lte (m\/w\/d)<\/a><\/p>\n<\/li>\n<li>\n<p><a href=\"\/index.php\/karriere\/referendare-mwd\/\">Referendare (m\/w\/d)<\/a><\/p>\n<\/li>\n<li>\n<p><a href=\"\/index.php\/karriere\/praktikanten-mwd\/\">Praktikanten (m\/w\/d)<\/a><\/p>\n<\/li>\n<li>\n<p><a href=\"\/index.php\/karriere\/notarfachangestellte-mwd\/\">Notarfachangestellte (m\/w\/d)<\/a><\/p>\n<\/li>\n<li>\n<p><a href=\"\/index.php\/karriere\/anwaltsassistenten-mwd\/\">Anwaltsassistenten (m\/w\/d)<\/a><\/p>\n<\/li>\n<li>\n<p><a href=\"\/index.php\/karriere\/auszubildende-mwd\/\">Auszubildende (m\/w\/d)<\/a><\/p>\n<\/li>\n<\/ul>\n<p><!--more--><br \/>\n<!-- {\"type\":\"layout\",\"children\":[{\"type\":\"section\",\"props\":{\"class\":\"section-head-blur-white bild-verlaeufe\",\"height\":\"pixels\",\"height_viewport\":800,\"image\":\"wp-content\\\/uploads\\\/2026\\\/04\\\/karriere_3_anwaeltinnen_im_weissen_buero_1920x1080.webp\",\"image_position\":\"center-center\",\"image_size\":\"cover\",\"style\":\"default\",\"title_breakpoint\":\"xl\",\"title_position\":\"top-left\",\"title_rotation\":\"left\",\"vertical_align\":\"middle\",\"width\":\"default\"},\"children\":[{\"type\":\"row\",\"children\":[{\"type\":\"column\",\"props\":{\"image_position\":\"center-center\",\"position_sticky_breakpoint\":\"m\"},\"children\":[{\"type\":\"text\",\"props\":{\"column_breakpoint\":\"m\",\"content\":\"\n\n<h1 class=\\\"h2\\\" style=\\\"text-align: center;\\\">Karriere bei Gr\\u00fcter<\\\/h1>\\n\n\n<h2 class=\\\"h1\\\" style=\\\"text-align: center;\\\">Teamgeist erleben.<\\\/h2>\",\"margin\":\"default\",\"position\":\"relative\",\"position_top\":\"80\"}}]}]}],\"name\":\"Section: Headerbereich\"},{\"type\":\"section\",\"props\":{\"image_position\":\"center-center\",\"style\":\"default\",\"title_breakpoint\":\"xl\",\"title_position\":\"top-left\",\"title_rotation\":\"left\",\"vertical_align\":\"middle\",\"width\":\"default\"},\"children\":[{\"type\":\"row\",\"children\":[{\"type\":\"column\",\"props\":{\"image_position\":\"center-center\",\"position_sticky_breakpoint\":\"m\"},\"children\":[{\"type\":\"text\",\"props\":{\"column_breakpoint\":\"m\",\"content\":\"\n\n<p><span>Gegenseitiger Respekt und Akzeptanz sind bei uns standort\\u00fcbergreifend Schl\\u00fcssel f\\u00fcr erfolgreiche Mandatsarbeit. Freundschaftliche Kollegialit\\u00e4t hat bei uns einen herausragenden Stellenwert. Der besondere Gr\\u00fcter-Spirit und Teamgeist sind Grundlagen f\\u00fcr ein modernes, anspruchsvolles und gleichsam entspanntes Arbeitsumfeld.\\u00a0<\\\/span><\\\/p>\\n\n\n<p><span>Beim Qualit\\u00e4tsanspruch ziehen wir alle an einem Strang. Hohes pers\\u00f6nliches Commitment, fachliche Exzellenz, Teamarbeit und die gesunde Einsch\\u00e4tzung unseres K\\u00f6nnens kennzeichnen unsere Arbeitsweise. Durch unsere \\u00fcberregionale und internationale Beratungst\\u00e4tigkeit haben wir langj\\u00e4hrige und bew\\u00e4hrte Beziehungen zu Anwaltskanzleien im In- und Ausland aufgebaut, die wir in unsere Mandatsarbeit einbeziehen.\\u00a0<\\\/span><\\\/p>\\n\n\n<p><span>Komplexe Mandate, langj\\u00e4hrige Mandatsbeziehungen und das positive Feedback aus der Mandantschaft best\\u00e4rken uns standort\\u00fcbergreifend, als international ausgerichtete mittelst\\u00e4ndische Einheit am Markt zu agieren. Sowohl intern als auch im Arbeits- und Vertrauensverh\\u00e4ltnis zu Mandanten zeichnen uns kurze Entscheidungswege und die Offenheit f\\u00fcr individuelle L\\u00f6sungen aus.\\u00a0<\\\/span><\\\/p>\\n\n\n<p><span>Flexible Arbeits- und Partnermodelle werden bei uns gelebt. Wir glauben daran, dass wir auch im Gesch\\u00e4ftsleben nur erfolgreich sein k\\u00f6nnen, wenn wir die Vielfalt einer modernen Gesellschaft anerkennen, unterst\\u00fctzen und f\\u00f6rdern. Nachhaltigkeit und Diversity sind f\\u00fcr uns eine praktizierte Selbstverst\\u00e4ndlichkeit. So verwurzelt wir einerseits sind, so modernisierungs- und wandlungsf\\u00e4hig sind wir andererseits.<\\\/span><\\\/p>\\n\n\n<p><span>Dabei setzen wir im gesamten Team auf Einbindung und Perspektive. Wer zu uns kommt, f\\u00fchlt sich dauerhaft wohl.<\\\/span><\\\/p>\",\"margin\":\"default\"}}]}]}]},{\"type\":\"section\",\"props\":{\"class\":\"inhalt-verlaeufe-bewerbung\",\"image_position\":\"center-center\",\"style\":\"default\",\"title_breakpoint\":\"xl\",\"title_position\":\"top-left\",\"title_rotation\":\"left\",\"vertical_align\":\"middle\",\"width\":\"default\"},\"children\":[{\"type\":\"row\",\"children\":[{\"type\":\"column\",\"props\":{\"image_position\":\"center-center\",\"position_sticky_breakpoint\":\"m\"},\"children\":[{\"type\":\"headline\",\"props\":{\"content\":\"<span>Ihre Bewerbung<\\\/span>\",\"text_align\":\"left\",\"title_element\":\"h3\"}},{\"type\":\"nav\",\"props\":{\"class\":\"nav_accordion\",\"grid\":\"1\",\"image_vertical_align\":true,\"nav_divider\":true,\"nav_style\":\"primary\",\"show_image\":true,\"show_meta\":true},\"children\":[{\"type\":\"nav_item\",\"props\":{\"content\":\"Rechtsanw\\u00e4lte (m\\\/w\\\/d)\",\"link\":\"index.php\\\/karriere\\\/rechtsanwaelte-mwd\\\/\"}},{\"type\":\"nav_item\",\"props\":{\"content\":\"Referendare (m\\\/w\\\/d)\",\"link\":\"index.php\\\/karriere\\\/referendare-mwd\\\/\"}},{\"type\":\"nav_item\",\"props\":{\"content\":\"Praktikanten (m\\\/w\\\/d)\",\"link\":\"index.php\\\/karriere\\\/praktikanten-mwd\\\/\"}},{\"type\":\"nav_item\",\"props\":{\"content\":\"Notarfachangestellte (m\\\/w\\\/d)\",\"link\":\"index.php\\\/karriere\\\/notarfachangestellte-mwd\\\/\"}},{\"type\":\"nav_item\",\"props\":{\"content\":\"Anwaltsassistenten (m\\\/w\\\/d)\",\"link\":\"index.php\\\/karriere\\\/anwaltsassistenten-mwd\\\/\"}},{\"type\":\"nav_item\",\"props\":{\"content\":\"Auszubildende (m\\\/w\\\/d)\",\"link\":\"index.php\\\/karriere\\\/auszubildende-mwd\\\/\"}}]}]}]}]},{\"type\":\"section\",\"props\":{\"image_position\":\"center-center\",\"style\":\"default\",\"title_breakpoint\":\"xl\",\"title_position\":\"top-left\",\"title_rotation\":\"left\",\"vertical_align\":\"middle\",\"width\":\"default\"},\"children\":[{\"type\":\"row\",\"children\":[{\"type\":\"column\",\"props\":{\"image_position\":\"center-center\",\"position_sticky_breakpoint\":\"m\"}}]}],\"name\":\"Section: Nav\"}],\"version\":\"4.5.19\"} --><\/p>\n","protected":false},"excerpt":{"rendered":"<p>Karriere bei Gr\u00fcter Teamgeist erleben. Gegenseitiger Respekt und Akzeptanz sind bei uns standort\u00fcbergreifend Schl\u00fcssel f\u00fcr erfolgreiche Mandatsarbeit. Freundschaftliche Kollegialit\u00e4t hat bei uns einen herausragenden Stellenwert. Der besondere Gr\u00fcter-Spirit und Teamgeist sind Grundlagen f\u00fcr ein modernes, anspruchsvolles und gleichsam entspanntes Arbeitsumfeld.\u00a0 Beim Qualit\u00e4tsanspruch ziehen wir alle an einem Strang. Hohes pers\u00f6nliches Commitment, fachliche Exzellenz, Teamarbeit und [&hellip;]<\/p>\n","protected":false},"author":2,"featured_media":0,"parent":0,"menu_order":7,"comment_status":"closed","ping_status":"closed","template":"","meta":{"footnotes":""},"class_list":["post-134","page","type-page","status-publish","hentry"],"_links":{"self":[{"href":"https:\/\/ecstatic-raman.82-165-76-74.plesk.page\/index.php\/wp-json\/wp\/v2\/pages\/134","targetHints":{"allow":["GET"]}}],"collection":[{"href":"https:\/\/ecstatic-raman.82-165-76-74.plesk.page\/index.php\/wp-json\/wp\/v2\/pages"}],"about":[{"href":"https:\/\/ecstatic-raman.82-165-76-74.plesk.page\/index.php\/wp-json\/wp\/v2\/types\/page"}],"author":[{"embeddable":true,"href":"https:\/\/ecstatic-raman.82-165-76-74.plesk.page\/index.php\/wp-json\/wp\/v2\/users\/2"}],"replies":[{"embeddable":true,"href":"https:\/\/ecstatic-raman.82-165-76-74.plesk.page\/index.php\/wp-json\/wp\/v2\/comments?post=134"}],"version-history":[{"count":14,"href":"https:\/\/ecstatic-raman.82-165-76-74.plesk.page\/index.php\/wp-json\/wp\/v2\/pages\/134\/revisions"}],"predecessor-version":[{"id":2242,"href":"https:\/\/ecstatic-raman.82-165-76-74.plesk.page\/index.php\/wp-json\/wp\/v2\/pages\/134\/revisions\/2242"}],"wp:attachment":[{"href":"https:\/\/ecstatic-raman.82-165-76-74.plesk.page\/index.php\/wp-json\/wp\/v2\/media?parent=134"}],"curies":[{"name":"wp","href":"https:\/\/api.w.org\/{rel}","templated":true}]}}