{"id":132,"date":"2026-04-07T10:14:26","date_gmt":"2026-04-07T10:14:26","guid":{"rendered":"https:\/\/ecstatic-raman.82-165-76-74.plesk.page\/?page_id=132"},"modified":"2026-05-07T07:21:47","modified_gmt":"2026-05-07T07:21:47","slug":"aktuelles","status":"publish","type":"page","link":"https:\/\/ecstatic-raman.82-165-76-74.plesk.page\/index.php\/aktuelles\/","title":{"rendered":"Aktuelles"},"content":{"rendered":"<div>\n<h1 class=\"h2\" style=\"text-align: center;\">Aktuelles<\/h1>\n<h2 class=\"h1\" style=\"text-align: center;\">Gut zu wissen.<\/h2>\n<\/div>\n<div><form method=\"GET\" class=\"co-filter-form\"><select name=\"co_cat\" onchange=\"this.form.submit()\"><option value=\"\">Alle Kategorien<\/option><option value=\"fach-news\" >Fach-News<\/option><option value=\"kanzlei-news\" >Kanzlei-News<\/option><option value=\"veranstaltungen\" >Veranstaltungen<\/option><\/select><\/form><div class=\"co-grid\"><div class=\"co-item-wrap\">\n\t\t\t<article class=\"co-item\">\n\t\t\t<a href=\"https:\/\/ecstatic-raman.82-165-76-74.plesk.page\/index.php\/anmeldung-10062026-next-level-beirat-governance-in-zeiten-von-ki\/\"><h3 class=\"co-title\">Anmeldung: 10.06.2026 &#8211; Next Level Beirat: Governance in Zeiten von KI<\/h3><div class=\"co-date uk-text-meta uk-margin-top\">4. Mai 2026<\/div><div class=\"co-excerpt\">K\u00fcnstliche Intelligenz ver\u00e4ndert Entscheidungsprozesse, Verantwortung und Kontrolle in Unternehmen grundlegend. Doch was bedeutet das konkret f\u00fcr Beir\u00e4te und Aufsichtsgremien?<\/div><div class=\"co-more uk-button\" href=\"https:\/\/ecstatic-raman.82-165-76-74.plesk.page\/index.php\/anmeldung-10062026-next-level-beirat-governance-in-zeiten-von-ki\/\">Weiterlesen<\/div><\/a>\n\t\t\t<\/article>\n\t\t\t<\/div><div class=\"co-item-wrap\">\n\t\t\t<article class=\"co-item\">\n\t\t\t<a href=\"https:\/\/ecstatic-raman.82-165-76-74.plesk.page\/index.php\/next-level-beirat-governance-in-zeiten-von-ki-10062026\/\"><h3 class=\"co-title\">Next Level Beirat: Governance in Zeiten von KI &#8211; 10.06.2026<\/h3><div class=\"co-date uk-text-meta uk-margin-top\">28. April 2026<\/div><div class=\"co-excerpt\">K\u00fcnstliche Intelligenz ver\u00e4ndert Entscheidungsprozesse, Verantwortung und Kontrolle \u2013 auch auf Beiratsebene.<\/div><div class=\"co-more uk-button\" href=\"https:\/\/ecstatic-raman.82-165-76-74.plesk.page\/index.php\/next-level-beirat-governance-in-zeiten-von-ki-10062026\/\">Weiterlesen<\/div><\/a>\n\t\t\t<\/article>\n\t\t\t<\/div><div class=\"co-item-wrap\">\n\t\t\t<article class=\"co-item\">\n\t\t\t<a href=\"https:\/\/ecstatic-raman.82-165-76-74.plesk.page\/index.php\/neuer-kollege-louis-sprengkamp\/\"><h3 class=\"co-title\">Neuer Kollege Louis Sprengkamp<\/h3><div class=\"co-date uk-text-meta uk-margin-top\">27. April 2026<\/div><div class=\"co-excerpt\">Wir freuen uns sehr, Louis Sprengkamp als neuen Kollegen bei Gr\u00fcter begr\u00fc\u00dfen zu d\u00fcrfen.<\/div><div class=\"co-more uk-button\" href=\"https:\/\/ecstatic-raman.82-165-76-74.plesk.page\/index.php\/neuer-kollege-louis-sprengkamp\/\">Weiterlesen<\/div><\/a>\n\t\t\t<\/article>\n\t\t\t<\/div><div class=\"co-item-wrap\">\n\t\t\t<article class=\"co-item\">\n\t\t\t<a href=\"https:\/\/ecstatic-raman.82-165-76-74.plesk.page\/index.php\/fortbildung-im-schloss\/\"><h3 class=\"co-title\">Fortbildung im Schloss<\/h3><div class=\"co-date uk-text-meta uk-margin-top\">13. April 2026<\/div><div class=\"co-excerpt\">Am 23. und 24.03.2026 war es wieder einmal so weit: Julian-Alexander Gerhold durfte im Rahmen der Zertifizierung zum Mittelstandsbetreuer \/ zur Mittelstandsbetreuerin zu den rechtlichen Rahmenbedingungen im Firmenkundengesch\u00e4ft vortragen.<\/div><div class=\"co-more uk-button\" href=\"https:\/\/ecstatic-raman.82-165-76-74.plesk.page\/index.php\/fortbildung-im-schloss\/\">Weiterlesen<\/div><\/a>\n\t\t\t<\/article>\n\t\t\t<\/div><div class=\"co-item-wrap\">\n\t\t\t<article class=\"co-item\">\n\t\t\t<a href=\"https:\/\/ecstatic-raman.82-165-76-74.plesk.page\/index.php\/vortrag-auf-der-fachtagung-datenschutz\/\"><h3 class=\"co-title\">Vortrag auf der Fachtagung Datenschutz<\/h3><div class=\"co-date uk-text-meta uk-margin-top\">26. M\u00e4rz 2026<\/div><div class=\"co-excerpt\">Dr. Marc-Philipp Geiselmann hat am 24.03.2026 einen Vortrag auf der Fachtagung Datenschutz der Sparkassenakademie NRW gehalten.<\/div><div class=\"co-more uk-button\" href=\"https:\/\/ecstatic-raman.82-165-76-74.plesk.page\/index.php\/vortrag-auf-der-fachtagung-datenschutz\/\">Weiterlesen<\/div><\/a>\n\t\t\t<\/article>\n\t\t\t<\/div><div class=\"co-item-wrap\">\n\t\t\t<article class=\"co-item\">\n\t\t\t<a href=\"https:\/\/ecstatic-raman.82-165-76-74.plesk.page\/index.php\/veroeffentlichung-in-der-badr-information-01-2026\/\"><h3 class=\"co-title\">Ver\u00f6ffentlichung in der BADR-Information 01\/2026<\/h3><div class=\"co-date uk-text-meta uk-margin-top\">23. M\u00e4rz 2026<\/div><div class=\"co-excerpt\">Unser Partner, Dr. Martin Lange, widmet sich in seinem Aufsatz in der BADR-Information 01\/2026, S. 14-34, der h\u00f6chstrichterlichen Rechtsprechung des Jahres 2025 zu verschiedenen Bereichen des Bankrechts.<\/div><div class=\"co-more uk-button\" href=\"https:\/\/ecstatic-raman.82-165-76-74.plesk.page\/index.php\/veroeffentlichung-in-der-badr-information-01-2026\/\">Weiterlesen<\/div><\/a>\n\t\t\t<\/article>\n\t\t\t<\/div><div class=\"co-item-wrap\">\n\t\t\t<article class=\"co-item\">\n\t\t\t<a href=\"https:\/\/ecstatic-raman.82-165-76-74.plesk.page\/index.php\/save-the-date-10-06-2026-next-level-beirat-governance-in-zeiten-von-ki\/\"><h3 class=\"co-title\">Save the date: 10.06.2026 &#8211; Next Level Beirat: Governance in Zeiten von KI<\/h3><div class=\"co-date uk-text-meta uk-margin-top\">17. M\u00e4rz 2026<\/div><div class=\"co-excerpt\">K\u00fcnstliche Intelligenz ver\u00e4ndert Entscheidungsprozesse, Verantwortung und Kontrolle in Unternehmen grundlegend. Doch was bedeutet das konkret f\u00fcr Beir\u00e4te und Aufsichtsgremien?<\/div><div class=\"co-more uk-button\" href=\"https:\/\/ecstatic-raman.82-165-76-74.plesk.page\/index.php\/save-the-date-10-06-2026-next-level-beirat-governance-in-zeiten-von-ki\/\">Weiterlesen<\/div><\/a>\n\t\t\t<\/article>\n\t\t\t<\/div><div class=\"co-item-wrap\">\n\t\t\t<article class=\"co-item\">\n\t\t\t<a href=\"https:\/\/ecstatic-raman.82-165-76-74.plesk.page\/index.php\/neue-anwaeltin-bei-grueter-cathalena-kleinert\/\"><h3 class=\"co-title\">Neue Anw\u00e4ltin bei Gr\u00fcter: Cathalena Kleinert<\/h3><div class=\"co-date uk-text-meta uk-margin-top\">26. Februar 2026<\/div><div class=\"co-excerpt\">Cathalena Kleinert unterst\u00fctzt seit Januar das Gr\u00fcter-Team an unserem Standort in M\u00fcnster. Sie ist schwerpunktm\u00e4\u00dfig in den Bereichen Bankrecht und Gesellschaftsrecht t\u00e4tig.<\/div><div class=\"co-more uk-button\" href=\"https:\/\/ecstatic-raman.82-165-76-74.plesk.page\/index.php\/neue-anwaeltin-bei-grueter-cathalena-kleinert\/\">Weiterlesen<\/div><\/a>\n\t\t\t<\/article>\n\t\t\t<\/div><div class=\"co-item-wrap\">\n\t\t\t<article class=\"co-item\">\n\t\t\t<a href=\"https:\/\/ecstatic-raman.82-165-76-74.plesk.page\/index.php\/neue-kollegin-leonie-gutsch\/\"><h3 class=\"co-title\">Neue Kollegin &#8211; Leonie Gutsch<\/h3><div class=\"co-date uk-text-meta uk-margin-top\">17. Februar 2026<\/div><div class=\"co-excerpt\">Leonie Gutsch unterst\u00fctzt seit Jahresende das Gr\u00fcter-Team an unserem Standort in M\u00fcnster. Sie ist schwerpunktm\u00e4\u00dfig im Handels- und Gesellschaftsrecht t\u00e4tig.<\/div><div class=\"co-more uk-button\" href=\"https:\/\/ecstatic-raman.82-165-76-74.plesk.page\/index.php\/neue-kollegin-leonie-gutsch\/\">Weiterlesen<\/div><\/a>\n\t\t\t<\/article>\n\t\t\t<\/div><div class=\"co-item-wrap\">\n\t\t\t<article class=\"co-item\">\n\t\t\t<a href=\"https:\/\/ecstatic-raman.82-165-76-74.plesk.page\/index.php\/vis-moot-practice-rounds-in-duisburg-eine-tradition-geht-weiter\/\"><h3 class=\"co-title\">Vis Moot Practice Rounds in Duisburg \u2013\u00a0 Eine Tradition geht weiter<\/h3><div class=\"co-date uk-text-meta uk-margin-top\">4. Februar 2026<\/div><div class=\"co-excerpt\">Am 03.02.2026 war es wieder so weit: Die Vis Moot Practice Rounds sind zur\u00fcck \u2013 bereits zum dritten Mal in unseren Duisburger Kanzleir\u00e4umen! Was als Initiative begann, ist heute feste Tradition.\r\n<\/div><div class=\"co-more uk-button\" href=\"https:\/\/ecstatic-raman.82-165-76-74.plesk.page\/index.php\/vis-moot-practice-rounds-in-duisburg-eine-tradition-geht-weiter\/\">Weiterlesen<\/div><\/a>\n\t\t\t<\/article>\n\t\t\t<\/div><\/div><button class=\"uk-button uk-button-default\" id=\"co-load-more\"\n            data-page=\"2\"\n            data-category=\"\"\n            class=\"co-load-more-btn\">\n            Mehr laden\n          <\/button><\/div>\n<p><!--more--><br \/>\n<!-- {\"type\":\"layout\",\"children\":[{\"type\":\"section\",\"props\":{\"class\":\"section-head-blur-white bild-verlaeufe\",\"height\":\"pixels\",\"height_viewport\":800,\"image\":\"wp-content\\\/uploads\\\/2026\\\/04\\\/aktuelles_1920x1080.jpg.webp\",\"image_position\":\"center-center\",\"image_size\":\"cover\",\"style\":\"default\",\"title_breakpoint\":\"xl\",\"title_position\":\"top-left\",\"title_rotation\":\"left\",\"vertical_align\":\"middle\",\"width\":\"default\"},\"children\":[{\"type\":\"row\",\"children\":[{\"type\":\"column\",\"props\":{\"image_position\":\"center-center\",\"position_sticky_breakpoint\":\"m\"},\"children\":[{\"type\":\"text\",\"props\":{\"column_breakpoint\":\"m\",\"content\":\"\n\n<h1 class=\\\"h2\\\" style=\\\"text-align: center;\\\">Aktuelles<\\\/h1>\\n\n\n<h2 class=\\\"h1\\\" style=\\\"text-align: center;\\\">Gut zu wissen.<\\\/h2>\",\"margin\":\"default\",\"position\":\"relative\",\"position_top\":\"80\"}}]}]}],\"name\":\"Section: Headerbereich\"},{\"type\":\"section\",\"props\":{\"class\":\"aktuelles aktuelles_main\",\"image_position\":\"center-center\",\"style\":\"default\",\"title_breakpoint\":\"xl\",\"title_position\":\"top-left\",\"title_rotation\":\"left\",\"vertical_align\":\"middle\",\"width\":\"default\"},\"children\":[{\"type\":\"row\",\"children\":[{\"type\":\"column\",\"props\":{\"image_position\":\"center-center\",\"position_sticky_breakpoint\":\"m\"},\"children\":[{\"type\":\"text\",\"props\":{\"class\":\"aktuelles_grid aktuelles_grid_main\",\"column_breakpoint\":\"m\",\"content\":\"[co_posts]\",\"margin\":\"default\"}}]}]},{\"type\":\"row\",\"children\":[{\"type\":\"column\",\"props\":{\"image_position\":\"center-center\",\"position_sticky_breakpoint\":\"m\"}}]}]}],\"version\":\"4.5.19\"} --><\/p>\n","protected":false},"excerpt":{"rendered":"<p>Aktuelles Gut zu wissen.<\/p>\n","protected":false},"author":2,"featured_media":0,"parent":0,"menu_order":6,"comment_status":"closed","ping_status":"closed","template":"","meta":{"footnotes":""},"class_list":["post-132","page","type-page","status-publish","hentry"],"_links":{"self":[{"href":"https:\/\/ecstatic-raman.82-165-76-74.plesk.page\/index.php\/wp-json\/wp\/v2\/pages\/132","targetHints":{"allow":["GET"]}}],"collection":[{"href":"https:\/\/ecstatic-raman.82-165-76-74.plesk.page\/index.php\/wp-json\/wp\/v2\/pages"}],"about":[{"href":"https:\/\/ecstatic-raman.82-165-76-74.plesk.page\/index.php\/wp-json\/wp\/v2\/types\/page"}],"author":[{"embeddable":true,"href":"https:\/\/ecstatic-raman.82-165-76-74.plesk.page\/index.php\/wp-json\/wp\/v2\/users\/2"}],"replies":[{"embeddable":true,"href":"https:\/\/ecstatic-raman.82-165-76-74.plesk.page\/index.php\/wp-json\/wp\/v2\/comments?post=132"}],"version-history":[{"count":11,"href":"https:\/\/ecstatic-raman.82-165-76-74.plesk.page\/index.php\/wp-json\/wp\/v2\/pages\/132\/revisions"}],"predecessor-version":[{"id":2604,"href":"https:\/\/ecstatic-raman.82-165-76-74.plesk.page\/index.php\/wp-json\/wp\/v2\/pages\/132\/revisions\/2604"}],"wp:attachment":[{"href":"https:\/\/ecstatic-raman.82-165-76-74.plesk.page\/index.php\/wp-json\/wp\/v2\/media?parent=132"}],"curies":[{"name":"wp","href":"https:\/\/api.w.org\/{rel}","templated":true}]}}