{"id":11,"date":"2026-03-17T09:38:52","date_gmt":"2026-03-17T09:38:52","guid":{"rendered":"https:\/\/ecstatic-raman.82-165-76-74.plesk.page\/?page_id=11"},"modified":"2026-04-30T11:09:30","modified_gmt":"2026-04-30T11:09:30","slug":"kanzlei","status":"publish","type":"page","link":"https:\/\/ecstatic-raman.82-165-76-74.plesk.page\/index.php\/kanzlei\/","title":{"rendered":"Kanzlei"},"content":{"rendered":"<div>\n<h1 class=\"h2\" style=\"text-align: center;\">Die Kanzlei<\/h1>\n<h2 class=\"h1\" style=\"text-align: center;\">Fachlich exzellent. Menschlich<br \/> kompetent.<\/h2>\n<\/div>\n<div>\n<div class=\"main-header-bg1\"><\/div>\n<div class=\"main-header-bg2\"><\/div>\n<\/div>\n<div>\n<p><span>Gr\u00fcter wurde 1897 in Duisburg gegr\u00fcndet und geh\u00f6rt heute deutschlandweit zu den f\u00fchrenden national und international t\u00e4tigen mittelst\u00e4ndischen Kanzleien f\u00fcr wirtschaftsrechtliche Beratung. Nach Erweiterung um die Standorte M\u00fcnster und Hamm zum 01.01.2024 ist das Gr\u00fcter-Team auf nunmehr rund 50 Anw\u00e4ltinnen und Anw\u00e4lte gewachsen, die b\u00f6rsennotierte Gro\u00dfunternehmen, Mittelst\u00e4ndler und Start-ups verschiedener Branchen, wie z.B. Maschinenbau, Handel, Banken und Versicherungen, Anlagenbau, Automotive, Sportwirtschaft, IT oder Medien beraten. Unser Dienstleistungsangebot umfasst die Bereiche\u00a0<\/span><a href=\"https:\/\/grueter.de\/de\/kompetenzfelder\/corporate-ma\" title=\"Corporate\/M&amp;A\" data-entity-type=\"node\" data-entity-uuid=\"0f5a387f-cc93-4b11-bbba-1bd369eab684\" data-entity-substitution=\"canonical\"><span>Corporate\/M&amp;A<\/span><\/a><span>,\u00a0<\/span><a href=\"https:\/\/grueter.de\/de\/kompetenzfelder\/finance\" title=\"Finance\" data-entity-type=\"node\" data-entity-uuid=\"02b5edc1-8675-4d7b-815d-827ba94eb65f\" data-entity-substitution=\"canonical\"><span>Finance<\/span><\/a><span>,\u00a0<\/span><a href=\"https:\/\/grueter.de\/de\/kompetenzfelder\/arbeit\" title=\"Arbeit\" data-entity-type=\"node\" data-entity-uuid=\"2fccdcff-a186-4a93-90e3-bad1669ac04b\" data-entity-substitution=\"canonical\"><span>Arbeit<\/span><\/a><span>,\u00a0<\/span><a href=\"https:\/\/grueter.de\/de\/kompetenzfelder\/industrie-handel\" title=\"Industrie &amp; Handel\" data-entity-type=\"node\" data-entity-uuid=\"9675f9b3-676d-4d41-aaa4-a138c5694c26\" data-entity-substitution=\"canonical\"><span>Industrie &amp; Handel<\/span><\/a><span>,\u00a0<\/span><a href=\"https:\/\/grueter.de\/de\/kompetenzfelder\/dienstleistung-innovation\" title=\"Dienstleistungen &amp; Innovation\" data-entity-type=\"node\" data-entity-uuid=\"be08a316-5f58-41e3-b8f7-cb5e3fa049c6\" data-entity-substitution=\"canonical\"><span>Dienstleistung &amp; Innovation<\/span><\/a><span>,\u00a0<\/span><a href=\"https:\/\/grueter.de\/de\/kompetenzfelder\/konfliktloesung\" title=\"Konfliktl\u00f6sung\" data-entity-type=\"node\" data-entity-uuid=\"de3c92e9-c9d6-403d-bc73-e5ae1f526415\" data-entity-substitution=\"canonical\"><span>Konfliktl\u00f6sung<\/span><\/a><span>,\u00a0<\/span><a href=\"https:\/\/grueter.de\/de\/kompetenzfelder\/compliance\" title=\"Compliance\" data-entity-type=\"node\" data-entity-uuid=\"0ae07b3b-f8ef-4244-b14e-25dbd7c369d0\" data-entity-substitution=\"canonical\"><span>Compliance<\/span><\/a><span>\u00a0und\u00a0<\/span><a href=\"https:\/\/grueter.de\/de\/kompetenzfelder\/real-estate\" title=\"Real Estate\" data-entity-type=\"node\" data-entity-uuid=\"95bc96c3-d67a-4d4c-8a1f-ae863c447a8d\" data-entity-substitution=\"canonical\"><span>Real Estate<\/span><\/a><span>. Zudem sind unsere hoch angesehenen\u00a0<\/span><a href=\"https:\/\/grueter.de\/de\/kompetenzfelder\/notariat\" title=\"Notarinnen und Notare\" data-entity-type=\"node\" data-entity-uuid=\"64c6aecc-be6d-4b17-bfee-cb6c726cdb79\" data-entity-substitution=\"canonical\"><span>Notarinnen und Notare<\/span><\/a><span>\u00a0an allen drei Standorten f\u00fcr die Mandantschaft t\u00e4tig.\u00a0<\/span><\/p>\n<\/div>\n<h3><span>Standort\u00fcbergreifendes Miteinander<\/span><\/h3>\n<div>\n<p><span>Gegenseitiger Respekt und Akzeptanz sind bei uns standort\u00fcbergreifend Schl\u00fcssel f\u00fcr ausgepr\u00e4gte Synergieeffekte in der Mandatsarbeit. Freundschaftliche Kollegialit\u00e4t besitzt bei uns einen herausragenden Stellenwert. Der besondere Gr\u00fcter-Spirit und Teamgeist ist Grundlage f\u00fcr ein modernes, anspruchsvolles und gleichsam entspanntes Arbeitsumfeld.\u00a0<\/span><\/p>\n<p><span>Unsere Verantwortung endet nach unserer \u00dcberzeugung nicht mit unserer beruflichen T\u00e4tigkeit. Wir haben das Bed\u00fcrfnis, uns dar\u00fcber hinaus f\u00fcr unsere Gesellschaft einzusetzen, um einen Beitrag zu den langfristigen Grundlagen eines wertebasierten Miteinanders zu leisten. Daher leben wir den Gr\u00fcter-Spirit auch besonders in den Bereichen Nachhaltigkeit und Diversity.<\/span><\/p>\n<\/div>\n<h3><span>Nachhaltigkeit<\/span><\/h3>\n<div>\n<p><span>Der schonende Umgang mit vorhandenen Ressourcen ist eine zentrale Aufgabe im Kampf gegen den Klimawandel. Wir sind davon \u00fcberzeugt, dass auch wir eine nachhaltige Entwicklung f\u00f6rdern k\u00f6nnen, ohne dass dies als Beschr\u00e4nkung oder Belastung empfunden wird. Deshalb setzen wir uns auch in unserer Kanzlei mit zahlreichen Ma\u00dfnahmen f\u00fcr einen besonnenen Umgang mit Ressourcen ein und pr\u00e4mieren regelm\u00e4\u00dfig die besten Ideen aus dem Kanzleiteam zum Thema Nachhaltigkeit \u2013 Nachhaltigkeit ist Teamarbeit.<\/span><\/p>\n<\/div>\n<h3><span>Diversity<\/span><\/h3>\n<div>\n<p><span>Wir glauben daran, dass wir auch im Gesch\u00e4ftsleben nur erfolgreich sein k\u00f6nnen, wenn wir die Vielfalt einer modernen Gesellschaft anerkennen, unterst\u00fctzen und f\u00f6rdern. Dazu geh\u00f6rt die Vielfalt in unserem Team. Die unterschiedlichen Kompetenzen und Talente unseres Kanzleiteams er\u00f6ffnen neue Chancen f\u00fcr innovative und kreative L\u00f6sungen. Unser\u00a0<\/span><a href=\"https:\/\/grueter.de\/de\/diversity-policy\" title=\"Diversity-Policy\" data-entity-type=\"node\" data-entity-uuid=\"456a86f9-88f3-4011-8734-8c4cc8a210c0\" data-entity-substitution=\"canonical\"><span>Diversity-Versprechen<\/span><\/a><span>\u00a0zielt darauf ab, ein Arbeitsumfeld zu schaffen, das frei von Vorurteilen ist. Wir respektieren alle Menschen, unabh\u00e4ngig von Geschlecht, Rasse, Nationalit\u00e4t, ethnischer Herkunft, Religion oder Weltanschauung, Behinderung, Alter und sexueller Pr\u00e4ferenz. Wir f\u00f6rdern eine Atmosph\u00e4re des Respekts und des gegenseitigen Vertrauens.<\/span><\/p>\n<\/div>\n<p><!--more--><br \/>\n<!-- {\"type\":\"layout\",\"children\":[{\"type\":\"section\",\"props\":{\"class\":\"section-head-blur-white bild-verlaeufe\",\"height\":\"pixels\",\"height_viewport\":800,\"image\":\"wp-content\\\/uploads\\\/2026\\\/03\\\/kanzlei_anwaelte_am_tisch_1920x1080.webp\",\"image_position\":\"center-center\",\"image_size\":\"cover\",\"style\":\"default\",\"title_breakpoint\":\"xl\",\"title_position\":\"top-left\",\"title_rotation\":\"left\",\"vertical_align\":\"middle\",\"width\":\"default\"},\"children\":[{\"type\":\"row\",\"children\":[{\"type\":\"column\",\"props\":{\"image_position\":\"center-center\",\"position_sticky_breakpoint\":\"m\"},\"children\":[{\"type\":\"text\",\"props\":{\"column_breakpoint\":\"m\",\"content\":\"\n\n<h1 class=\\\"h2\\\" style=\\\"text-align: center;\\\">Die Kanzlei<\\\/h1>\\n\n\n<h2 class=\\\"h1\\\" style=\\\"text-align: center;\\\">Fachlich exzellent. Menschlich<br \/> kompetent.<\\\/h2>\",\"margin\":\"default\",\"position\":\"relative\",\"position_top\":\"80\"}}]}]},{\"type\":\"row\",\"children\":[{\"type\":\"column\",\"props\":{\"image_position\":\"center-center\",\"position_sticky_breakpoint\":\"m\"},\"children\":[{\"type\":\"html\",\"props\":{\"content\":\"\n\n<div class=\\\"main-header-bg1\\\"><\\\/div>\\n\n\n<div class=\\\"main-header-bg2\\\"><\\\/div>\"}}]}]}],\"name\":\"Section: Headerbereich\"},{\"type\":\"section\",\"props\":{\"image_position\":\"center-center\",\"style\":\"default\",\"title_breakpoint\":\"xl\",\"title_position\":\"top-left\",\"title_rotation\":\"left\",\"vertical_align\":\"middle\",\"width\":\"default\"},\"children\":[{\"type\":\"row\",\"children\":[{\"type\":\"column\",\"props\":{\"image_position\":\"center-center\",\"position_sticky_breakpoint\":\"m\"},\"children\":[{\"type\":\"text\",\"props\":{\"column_breakpoint\":\"m\",\"content\":\"\n\n<p><span>Gr\\u00fcter wurde 1897 in Duisburg gegr\\u00fcndet und geh\\u00f6rt heute deutschlandweit zu den f\\u00fchrenden national und international t\\u00e4tigen mittelst\\u00e4ndischen Kanzleien f\\u00fcr wirtschaftsrechtliche Beratung. Nach Erweiterung um die Standorte M\\u00fcnster und Hamm zum 01.01.2024 ist das Gr\\u00fcter-Team auf nunmehr rund 50 Anw\\u00e4ltinnen und Anw\\u00e4lte gewachsen, die b\\u00f6rsennotierte Gro\\u00dfunternehmen, Mittelst\\u00e4ndler und Start-ups verschiedener Branchen, wie z.B. Maschinenbau, Handel, Banken und Versicherungen, Anlagenbau, Automotive, Sportwirtschaft, IT oder Medien beraten. Unser Dienstleistungsangebot umfasst die Bereiche\\u00a0<\\\/span><a href=\\\"https:\\\/\\\/grueter.de\\\/de\\\/kompetenzfelder\\\/corporate-ma\\\" title=\\\"Corporate\\\/M&amp;A\\\" data-entity-type=\\\"node\\\" data-entity-uuid=\\\"0f5a387f-cc93-4b11-bbba-1bd369eab684\\\" data-entity-substitution=\\\"canonical\\\"><span>Corporate\\\/M&amp;A<\\\/span><\\\/a><span>,\\u00a0<\\\/span><a href=\\\"https:\\\/\\\/grueter.de\\\/de\\\/kompetenzfelder\\\/finance\\\" title=\\\"Finance\\\" data-entity-type=\\\"node\\\" data-entity-uuid=\\\"02b5edc1-8675-4d7b-815d-827ba94eb65f\\\" data-entity-substitution=\\\"canonical\\\"><span>Finance<\\\/span><\\\/a><span>,\\u00a0<\\\/span><a href=\\\"https:\\\/\\\/grueter.de\\\/de\\\/kompetenzfelder\\\/arbeit\\\" title=\\\"Arbeit\\\" data-entity-type=\\\"node\\\" data-entity-uuid=\\\"2fccdcff-a186-4a93-90e3-bad1669ac04b\\\" data-entity-substitution=\\\"canonical\\\"><span>Arbeit<\\\/span><\\\/a><span>,\\u00a0<\\\/span><a href=\\\"https:\\\/\\\/grueter.de\\\/de\\\/kompetenzfelder\\\/industrie-handel\\\" title=\\\"Industrie &amp; Handel\\\" data-entity-type=\\\"node\\\" data-entity-uuid=\\\"9675f9b3-676d-4d41-aaa4-a138c5694c26\\\" data-entity-substitution=\\\"canonical\\\"><span>Industrie &amp; Handel<\\\/span><\\\/a><span>,\\u00a0<\\\/span><a href=\\\"https:\\\/\\\/grueter.de\\\/de\\\/kompetenzfelder\\\/dienstleistung-innovation\\\" title=\\\"Dienstleistungen &amp; Innovation\\\" data-entity-type=\\\"node\\\" data-entity-uuid=\\\"be08a316-5f58-41e3-b8f7-cb5e3fa049c6\\\" data-entity-substitution=\\\"canonical\\\"><span>Dienstleistung &amp; Innovation<\\\/span><\\\/a><span>,\\u00a0<\\\/span><a href=\\\"https:\\\/\\\/grueter.de\\\/de\\\/kompetenzfelder\\\/konfliktloesung\\\" title=\\\"Konfliktl\\u00f6sung\\\" data-entity-type=\\\"node\\\" data-entity-uuid=\\\"de3c92e9-c9d6-403d-bc73-e5ae1f526415\\\" data-entity-substitution=\\\"canonical\\\"><span>Konfliktl\\u00f6sung<\\\/span><\\\/a><span>,\\u00a0<\\\/span><a href=\\\"https:\\\/\\\/grueter.de\\\/de\\\/kompetenzfelder\\\/compliance\\\" title=\\\"Compliance\\\" data-entity-type=\\\"node\\\" data-entity-uuid=\\\"0ae07b3b-f8ef-4244-b14e-25dbd7c369d0\\\" data-entity-substitution=\\\"canonical\\\"><span>Compliance<\\\/span><\\\/a><span>\\u00a0und\\u00a0<\\\/span><a href=\\\"https:\\\/\\\/grueter.de\\\/de\\\/kompetenzfelder\\\/real-estate\\\" title=\\\"Real Estate\\\" data-entity-type=\\\"node\\\" data-entity-uuid=\\\"95bc96c3-d67a-4d4c-8a1f-ae863c447a8d\\\" data-entity-substitution=\\\"canonical\\\"><span>Real Estate<\\\/span><\\\/a><span>. Zudem sind unsere hoch angesehenen\\u00a0<\\\/span><a href=\\\"https:\\\/\\\/grueter.de\\\/de\\\/kompetenzfelder\\\/notariat\\\" title=\\\"Notarinnen und Notare\\\" data-entity-type=\\\"node\\\" data-entity-uuid=\\\"64c6aecc-be6d-4b17-bfee-cb6c726cdb79\\\" data-entity-substitution=\\\"canonical\\\"><span>Notarinnen und Notare<\\\/span><\\\/a><span>\\u00a0an allen drei Standorten f\\u00fcr die Mandantschaft t\\u00e4tig.\\u00a0<\\\/span><\\\/p>\",\"margin\":\"default\"}}]}]}]},{\"type\":\"section\",\"props\":{\"image_position\":\"center-center\",\"style\":\"default\",\"title_breakpoint\":\"xl\",\"title_position\":\"top-left\",\"title_rotation\":\"left\",\"vertical_align\":\"middle\",\"width\":\"default\"},\"children\":[{\"type\":\"row\",\"children\":[{\"type\":\"column\",\"props\":{\"image_position\":\"center-center\",\"position_sticky_breakpoint\":\"m\"},\"children\":[{\"type\":\"headline\",\"props\":{\"content\":\"<span>Standort\\u00fcbergreifendes Miteinander<\\\/span>\",\"title_element\":\"h3\"}},{\"type\":\"text\",\"props\":{\"column_breakpoint\":\"m\",\"content\":\"\n\n<p><span>Gegenseitiger Respekt und Akzeptanz sind bei uns standort\\u00fcbergreifend Schl\\u00fcssel f\\u00fcr ausgepr\\u00e4gte Synergieeffekte in der Mandatsarbeit. Freundschaftliche Kollegialit\\u00e4t besitzt bei uns einen herausragenden Stellenwert. Der besondere Gr\\u00fcter-Spirit und Teamgeist ist Grundlage f\\u00fcr ein modernes, anspruchsvolles und gleichsam entspanntes Arbeitsumfeld.\\u00a0<\\\/span><\\\/p>\\n\n\n<p><span>Unsere Verantwortung endet nach unserer \\u00dcberzeugung nicht mit unserer beruflichen T\\u00e4tigkeit. Wir haben das Bed\\u00fcrfnis, uns dar\\u00fcber hinaus f\\u00fcr unsere Gesellschaft einzusetzen, um einen Beitrag zu den langfristigen Grundlagen eines wertebasierten Miteinanders zu leisten. Daher leben wir den Gr\\u00fcter-Spirit auch besonders in den Bereichen Nachhaltigkeit und Diversity.<\\\/span><\\\/p>\",\"margin\":\"default\"}}]}]}]},{\"type\":\"section\",\"props\":{\"image_position\":\"center-center\",\"style\":\"default\",\"title_breakpoint\":\"xl\",\"title_position\":\"top-left\",\"title_rotation\":\"left\",\"vertical_align\":\"middle\",\"width\":\"default\"},\"children\":[{\"type\":\"row\",\"children\":[{\"type\":\"column\",\"props\":{\"image_position\":\"center-center\",\"position_sticky_breakpoint\":\"m\"},\"children\":[{\"type\":\"headline\",\"props\":{\"content\":\"<span>Nachhaltigkeit<\\\/span>\",\"title_element\":\"h3\"}},{\"type\":\"text\",\"props\":{\"column_breakpoint\":\"m\",\"content\":\"\n\n<p><span>Der schonende Umgang mit vorhandenen Ressourcen ist eine zentrale Aufgabe im Kampf gegen den Klimawandel. Wir sind davon \\u00fcberzeugt, dass auch wir eine nachhaltige Entwicklung f\\u00f6rdern k\\u00f6nnen, ohne dass dies als Beschr\\u00e4nkung oder Belastung empfunden wird. Deshalb setzen wir uns auch in unserer Kanzlei mit zahlreichen Ma\\u00dfnahmen f\\u00fcr einen besonnenen Umgang mit Ressourcen ein und pr\\u00e4mieren regelm\\u00e4\\u00dfig die besten Ideen aus dem Kanzleiteam zum Thema Nachhaltigkeit \\u2013 Nachhaltigkeit ist Teamarbeit.<\\\/span><\\\/p>\",\"margin\":\"default\"}}]}]}]},{\"type\":\"section\",\"props\":{\"image_position\":\"center-center\",\"style\":\"default\",\"title_breakpoint\":\"xl\",\"title_position\":\"top-left\",\"title_rotation\":\"left\",\"vertical_align\":\"middle\",\"width\":\"default\"},\"children\":[{\"type\":\"row\",\"children\":[{\"type\":\"column\",\"props\":{\"image_position\":\"center-center\",\"position_sticky_breakpoint\":\"m\"},\"children\":[{\"type\":\"headline\",\"props\":{\"content\":\"<span>Diversity<\\\/span>\",\"title_element\":\"h3\"}},{\"type\":\"text\",\"props\":{\"column_breakpoint\":\"m\",\"content\":\"\n\n<p><span>Wir glauben daran, dass wir auch im Gesch\\u00e4ftsleben nur erfolgreich sein k\\u00f6nnen, wenn wir die Vielfalt einer modernen Gesellschaft anerkennen, unterst\\u00fctzen und f\\u00f6rdern. Dazu geh\\u00f6rt die Vielfalt in unserem Team. Die unterschiedlichen Kompetenzen und Talente unseres Kanzleiteams er\\u00f6ffnen neue Chancen f\\u00fcr innovative und kreative L\\u00f6sungen. Unser\\u00a0<\\\/span><a href=\\\"https:\\\/\\\/grueter.de\\\/de\\\/diversity-policy\\\" title=\\\"Diversity-Policy\\\" data-entity-type=\\\"node\\\" data-entity-uuid=\\\"456a86f9-88f3-4011-8734-8c4cc8a210c0\\\" data-entity-substitution=\\\"canonical\\\"><span>Diversity-Versprechen<\\\/span><\\\/a><span>\\u00a0zielt darauf ab, ein Arbeitsumfeld zu schaffen, das frei von Vorurteilen ist. Wir respektieren alle Menschen, unabh\\u00e4ngig von Geschlecht, Rasse, Nationalit\\u00e4t, ethnischer Herkunft, Religion oder Weltanschauung, Behinderung, Alter und sexueller Pr\\u00e4ferenz. Wir f\\u00f6rdern eine Atmosph\\u00e4re des Respekts und des gegenseitigen Vertrauens.<\\\/span><\\\/p>\",\"margin\":\"default\"}}]}]}]}],\"version\":\"4.5.19\"} --><\/p>\n","protected":false},"excerpt":{"rendered":"<p>Die Kanzlei Fachlich exzellent. Menschlich kompetent. Gr\u00fcter wurde 1897 in Duisburg gegr\u00fcndet und geh\u00f6rt heute deutschlandweit zu den f\u00fchrenden national und international t\u00e4tigen mittelst\u00e4ndischen Kanzleien f\u00fcr wirtschaftsrechtliche Beratung. Nach Erweiterung um die Standorte M\u00fcnster und Hamm zum 01.01.2024 ist das Gr\u00fcter-Team auf nunmehr rund 50 Anw\u00e4ltinnen und Anw\u00e4lte gewachsen, die b\u00f6rsennotierte Gro\u00dfunternehmen, Mittelst\u00e4ndler und Start-ups [&hellip;]<\/p>\n","protected":false},"author":2,"featured_media":0,"parent":0,"menu_order":1,"comment_status":"closed","ping_status":"closed","template":"","meta":{"footnotes":""},"class_list":["post-11","page","type-page","status-publish","hentry"],"_links":{"self":[{"href":"https:\/\/ecstatic-raman.82-165-76-74.plesk.page\/index.php\/wp-json\/wp\/v2\/pages\/11","targetHints":{"allow":["GET"]}}],"collection":[{"href":"https:\/\/ecstatic-raman.82-165-76-74.plesk.page\/index.php\/wp-json\/wp\/v2\/pages"}],"about":[{"href":"https:\/\/ecstatic-raman.82-165-76-74.plesk.page\/index.php\/wp-json\/wp\/v2\/types\/page"}],"author":[{"embeddable":true,"href":"https:\/\/ecstatic-raman.82-165-76-74.plesk.page\/index.php\/wp-json\/wp\/v2\/users\/2"}],"replies":[{"embeddable":true,"href":"https:\/\/ecstatic-raman.82-165-76-74.plesk.page\/index.php\/wp-json\/wp\/v2\/comments?post=11"}],"version-history":[{"count":8,"href":"https:\/\/ecstatic-raman.82-165-76-74.plesk.page\/index.php\/wp-json\/wp\/v2\/pages\/11\/revisions"}],"predecessor-version":[{"id":2109,"href":"https:\/\/ecstatic-raman.82-165-76-74.plesk.page\/index.php\/wp-json\/wp\/v2\/pages\/11\/revisions\/2109"}],"wp:attachment":[{"href":"https:\/\/ecstatic-raman.82-165-76-74.plesk.page\/index.php\/wp-json\/wp\/v2\/media?parent=11"}],"curies":[{"name":"wp","href":"https:\/\/api.w.org\/{rel}","templated":true}]}}